{"id":198,"date":"2020-07-10T20:54:48","date_gmt":"2020-07-10T20:54:48","guid":{"rendered":"http:\/\/zouratiekone.com\/about\/"},"modified":"2023-06-03T21:15:12","modified_gmt":"2023-06-03T21:15:12","slug":"about","status":"publish","type":"page","link":"https:\/\/zouratiekone.com\/fr\/about\/","title":{"rendered":"Qui est Zourati\u00e9 Kon\u00e9"},"content":{"rendered":"\t\t<div data-elementor-type=\"wp-page\" data-elementor-id=\"198\" class=\"elementor elementor-198\" data-elementor-post-type=\"page\">\n\t\t\t\t\t\t<section class=\"elementor-section elementor-top-section elementor-element elementor-element-4381e43 elementor-section-full_width elementor-section-height-default elementor-section-height-default\" data-id=\"4381e43\" data-element_type=\"section\" data-e-type=\"section\" data-settings=\"{&quot;background_background&quot;:&quot;classic&quot;}\">\n\t\t\t\t\t\t<div class=\"elementor-container elementor-column-gap-default\">\n\t\t\t\t\t<div class=\"elementor-column elementor-col-50 elementor-top-column elementor-element elementor-element-6a11696\" data-id=\"6a11696\" data-element_type=\"column\" data-e-type=\"column\" data-settings=\"{&quot;background_background&quot;:&quot;classic&quot;}\">\n\t\t\t<div class=\"elementor-widget-wrap elementor-element-populated\">\n\t\t\t\t\t\t<div class=\"elementor-element elementor-element-d632e07 elementor-widget elementor-widget-image\" data-id=\"d632e07\" data-element_type=\"widget\" data-e-type=\"widget\" data-widget_type=\"image.default\">\n\t\t\t\t<div class=\"elementor-widget-container\">\n\t\t\t\t\t\t\t\t\t\t\t\t\t\t\t<img loading=\"lazy\" decoding=\"async\" loading=\"lazy\" width=\"1000\" height=\"1500\" src=\"https:\/\/zouratiekone.com\/wp-content\/uploads\/2020\/07\/Zouratie-vert-2000-001.jpg\" class=\"attachment-full size-full wp-image-179\" alt=\"\" srcset=\"https:\/\/zouratiekone.com\/wp-content\/uploads\/2020\/07\/Zouratie-vert-2000-001.jpg 1000w, https:\/\/zouratiekone.com\/wp-content\/uploads\/2020\/07\/Zouratie-vert-2000-001-500x750.jpg 500w, https:\/\/zouratiekone.com\/wp-content\/uploads\/2020\/07\/Zouratie-vert-2000-001-768x1152.jpg 768w, https:\/\/zouratiekone.com\/wp-content\/uploads\/2020\/07\/Zouratie-vert-2000-001-1024x1536.jpg 1024w\" sizes=\"auto, (max-width: 1000px) 100vw, 1000px\" \/><noscript><img fetchpriority=\"high\" decoding=\"async\" width=\"1000\" height=\"1500\" src=\"https:\/\/zouratiekone.com\/wp-content\/uploads\/2020\/07\/Zouratie-vert-2000-001.jpg\" class=\"attachment-full size-full wp-image-179\" alt=\"\" srcset=\"https:\/\/zouratiekone.com\/wp-content\/uploads\/2020\/07\/Zouratie-vert-2000-001.jpg 1000w, https:\/\/zouratiekone.com\/wp-content\/uploads\/2020\/07\/Zouratie-vert-2000-001-500x750.jpg 500w, https:\/\/zouratiekone.com\/wp-content\/uploads\/2020\/07\/Zouratie-vert-2000-001-768x1152.jpg 768w, https:\/\/zouratiekone.com\/wp-content\/uploads\/2020\/07\/Zouratie-vert-2000-001-1024x1536.jpg 1024w\" sizes=\"(max-width: 1000px) 100vw, 1000px\" \/><\/noscript>\t\t\t\t\t\t\t\t\t\t\t\t\t\t\t<\/div>\n\t\t\t\t<\/div>\n\t\t\t\t\t<\/div>\n\t\t<\/div>\n\t\t\t\t<div class=\"elementor-column elementor-col-50 elementor-top-column elementor-element elementor-element-250da61\" data-id=\"250da61\" data-element_type=\"column\" data-e-type=\"column\" data-settings=\"{&quot;background_background&quot;:&quot;classic&quot;}\">\n\t\t\t<div class=\"elementor-widget-wrap elementor-element-populated\">\n\t\t\t\t\t\t<div class=\"elementor-element elementor-element-f6aa2cc elementor-widget elementor-widget-heading\" data-id=\"f6aa2cc\" data-element_type=\"widget\" data-e-type=\"widget\" data-widget_type=\"heading.default\">\n\t\t\t\t<div class=\"elementor-widget-container\">\n\t\t\t\t\t<h2 class=\"elementor-heading-title elementor-size-default\">Zourati\u00e9 Kon\u00e9<\/h2>\t\t\t\t<\/div>\n\t\t\t\t<\/div>\n\t\t\t\t<div class=\"elementor-element elementor-element-3e8ecae elementor-widget elementor-widget-text-editor\" data-id=\"3e8ecae\" data-element_type=\"widget\" data-e-type=\"widget\" data-widget_type=\"text-editor.default\">\n\t\t\t\t<div class=\"elementor-widget-container\">\n\t\t\t\t\t\t\t\t\t<p>Zourati\u00e9 Kon\u00e9, compositeur, chanteur, musicien et <a href=\"https:\/\/www.youtube.com\/watch?v=0TeL4ffhXAg\" target=\"_blank\" rel=\"noopener\">fabriquant d\u2019instruments de musique<\/a>, est n\u00e9e \u00e0 Bobo Dioulasso, Burkina Faso et a v\u00e9cu au Mali et en C\u00f4te d\u2019Ivoire.<\/p><p>Ma\u00eetre percussionniste issu d\u2019une famille de <a href=\"https:\/\/fr.wikipedia.org\/wiki\/Griot\" target=\"_blank\" rel=\"noopener\">Griots<\/a> (artistes-gu\u00e9risseurs traditionnels) et \u00e9duqu\u00e9 dans une culture orale, musicien hors pair s\u2019est appropri\u00e9 de multiples instruments de la tradition ouest-africaine (djemb\u00e9, dundun, talking drum, longa, kora, ngoni, balafon) il conna\u00eet des centaines de rythmes et traditions musicales diff\u00e9rents provenant de la r\u00e9gion mandingue de l&rsquo;Afrique de l&rsquo;Ouest, ainsi qu&rsquo;un large \u00e9ventail de chansons.<\/p><p>Il continue \u00e0 explorer la tradition musicale mandingue. En 2021 il a commenc\u00e9 un nouveau projet musicale avec le Griot malien Kandiafa, le <a href=\"http:\/\/zouratiekone.com\/fr\/portfolio\/ngoni-duo-zouratie-kone-kandiafa\/\"><strong>Diurukuma beat<\/strong><\/a> (<a href=\"https:\/\/www.youtube.com\/watch?v=grhBvEk-mgQ\" target=\"_blank\" rel=\"noopener\"><strong>Toli Toli<\/strong><\/a>).<\/p><p>En 2019, il d\u00e9marre un projet musical qui allie musique \u00e9lectronique et musique Mandingue, <strong><a href=\"http:\/\/zouratiekone.com\/fr\/portfolio\/diurukuma-beat-electro-mandingo-music\/\">Electro Mandingo Groove<\/a><\/strong>, avec le musicien et producteur italien Pietro Nicosia. En juillet 2020, leur premi\u00e8re chanson <a href=\"https:\/\/www.youtube.com\/watch?v=Eb73y7FQdgc&amp;list=RDEb73y7FQdgc&amp;start_radio=1\" target=\"_blank\" rel=\"noopener\"><em>Sogni<\/em><\/a> a \u00e9t\u00e9 publi\u00e9e par l\u2019\u00e9tiquette discographique Orianna \/ Sony Music.<\/p><p>En 2017 il cr\u00e9e son propre groupe musical de Afro Jazz Mandingue, <strong><a href=\"https:\/\/www.youtube.com\/channel\/UCP7WnA5KgC6fAplGzDTenkw\" target=\"_blank\" rel=\"noopener\">ZKE! Zourati\u00e9 Kon\u00e9 Ensemble<\/a><\/strong>.<\/p><p>Depuis 2017 il est co-directeur artistique, avec Ombretta Moschella, de l\u2019organisation \u00e0 but non lucratif <a href=\"https:\/\/amulesgriots.com\/fr\/\" target=\"_blank\" rel=\"noopener\">Amu Les Griots<\/a>. L\u2019organisation est bas\u00e9e en Belgique et agit pour la promotion des Arts et du patrimoine culturel g\u00e9ographique et humain des pays d\u2019Afrique de l\u2019ouest et la rencontre de cultures. Elle a un centre culturel associ\u00e9 \u00e0 <a href=\"https:\/\/fr.wikipedia.org\/wiki\/Bobo-Dioulasso\" target=\"_blank\" rel=\"noopener\">Bobo Dioulasso<\/a>, Burkina Faso.\u00a0<\/p><p>Depuis 2021 il est directeur artistique du label ind\u00e9pendant\u00a0<strong><a href=\"http:\/\/electromandingo.com\">Electro Mandingo Records<\/a><\/strong>.<\/p><p>Depuis 2013 il est professeur \u00e0 l\u2019acad\u00e9mie d\u2019\u00e9t\u00e9 AKDT avec 2 stages sur les \u00ab Rythmes et instruments d&rsquo;Afrique de l&rsquo;Ouest \u00bb, et l\u2019atelier \u00ab Afro Jazz Mandingue \u00bb sur la musique du groupe Zourati\u00e9 Kon\u00e9 Ensemble.<\/p><p>Depuis 2013 il fait partie du groupe musical <a href=\"https:\/\/www.youtube.com\/watch?v=uwXJwbkJP1A\" target=\"_blank\" rel=\"noopener\">Afrikan Protokol<\/a>, un sextet afro-jazz belge, il tourne avec la chanteuse sud-africaine Tutu Pouane et S\u00e9bastien Haciane et il participe \u00e0 plusieurs projets theatrales comme\u00a0<strong><a href=\"https:\/\/www.kvs.be\/fr\/agenda\/874\/Alesandra_Seutin_Vocab_Dance_KVS\/Mimi%27s_Shebeen\" target=\"_blank\" rel=\"noopener\">Mimi&rsquo;s Shebeen<\/a><\/strong>.<\/p><p>Il a jou\u00e9 avec des musiciens comme Selif Keita, Baaba Mal, Cheick Tidiane Seck, Tiken Jah Fakoly, Oumou Sangar\u00e9.<\/p><p>En 2010, au Burkina Faso, il a cr\u00e9\u00e9 le groupe musical de percussions talking drum, Alakagne.<\/p>\t\t\t\t\t\t\t\t<\/div>\n\t\t\t\t<\/div>\n\t\t\t\t\t<\/div>\n\t\t<\/div>\n\t\t\t\t\t<\/div>\n\t\t<\/section>\n\t\t\t\t<\/div>\n\t\t","protected":false},"excerpt":{"rendered":"<p>Zourati\u00e9 Kon\u00e9 Zourati\u00e9 Kon\u00e9, compositeur, chanteur, musicien et fabriquant d\u2019instruments de musique, est n\u00e9e \u00e0 Bobo Dioulasso, Burkina Faso et a v\u00e9cu au Mali et en C\u00f4te d\u2019Ivoire. Ma\u00eetre percussionniste issu d\u2019une famille de Griots (artistes-gu\u00e9risseurs traditionnels) et \u00e9duqu\u00e9 dans une culture orale, musicien hors pair s\u2019est appropri\u00e9 de multiples instruments de la tradition ouest-africaine (djemb\u00e9, dundun, talking drum, longa, kora, ngoni, balafon) il conna\u00eet des centaines de rythmes et traditions musicales diff\u00e9rents provenant de la r\u00e9gion mandingue de l&rsquo;Afrique [&hellip;]<\/p>\n","protected":false},"author":1,"featured_media":0,"parent":0,"menu_order":0,"comment_status":"closed","ping_status":"closed","template":"elementor_header_footer","meta":{"footnotes":""},"class_list":["post-198","page","type-page","status-publish","hentry"],"yoast_head":"<!-- This site is optimized with the Yoast SEO plugin v27.3 - https:\/\/yoast.com\/product\/yoast-seo-wordpress\/ -->\n<title>Qui est Zourati\u00e9 Kon\u00e9 | Zourati\u00e9 Kon\u00e9<\/title>\n<meta name=\"description\" content=\"Rencontrez la musique Afrobeat de Zourati\u00e9 Kon\u00e9. La musique d&#039;un Griot ouest africain.\" \/>\n<meta name=\"robots\" content=\"index, follow, max-snippet:-1, max-image-preview:large, max-video-preview:-1\" \/>\n<link rel=\"canonical\" href=\"https:\/\/zouratiekone.com\/fr\/about\/\" \/>\n<meta property=\"og:locale\" content=\"fr_FR\" \/>\n<meta property=\"og:type\" content=\"article\" \/>\n<meta property=\"og:title\" content=\"Qui est Zourati\u00e9 Kon\u00e9 | Zourati\u00e9 Kon\u00e9\" \/>\n<meta property=\"og:description\" content=\"Rencontrez la musique Afrobeat de Zourati\u00e9 Kon\u00e9. La musique d&#039;un Griot ouest africain.\" \/>\n<meta property=\"og:url\" content=\"https:\/\/zouratiekone.com\/fr\/about\/\" \/>\n<meta property=\"og:site_name\" content=\"Zourati\u00e9 Kon\u00e9\" \/>\n<meta property=\"article:modified_time\" content=\"2023-06-03T21:15:12+00:00\" \/>\n<meta property=\"og:image\" content=\"http:\/\/zouratiekone.com\/wp-content\/uploads\/2020\/07\/Zouratie-vert-2000-001.jpg\" \/>\n<meta name=\"twitter:card\" content=\"summary_large_image\" \/>\n<meta name=\"twitter:label1\" content=\"Dur\u00e9e de lecture estim\u00e9e\" \/>\n\t<meta name=\"twitter:data1\" content=\"2 minutes\" \/>\n<script type=\"application\/ld+json\" class=\"yoast-schema-graph\">{\"@context\":\"https:\\\/\\\/schema.org\",\"@graph\":[{\"@type\":\"WebPage\",\"@id\":\"https:\\\/\\\/zouratiekone.com\\\/fr\\\/about\\\/\",\"url\":\"https:\\\/\\\/zouratiekone.com\\\/fr\\\/about\\\/\",\"name\":\"Qui est Zourati\u00e9 Kon\u00e9 | Zourati\u00e9 Kon\u00e9\",\"isPartOf\":{\"@id\":\"https:\\\/\\\/zouratiekone.com\\\/#website\"},\"primaryImageOfPage\":{\"@id\":\"https:\\\/\\\/zouratiekone.com\\\/fr\\\/about\\\/#primaryimage\"},\"image\":{\"@id\":\"https:\\\/\\\/zouratiekone.com\\\/fr\\\/about\\\/#primaryimage\"},\"thumbnailUrl\":\"http:\\\/\\\/zouratiekone.com\\\/wp-content\\\/uploads\\\/2020\\\/07\\\/Zouratie-vert-2000-001.jpg\",\"datePublished\":\"2020-07-10T20:54:48+00:00\",\"dateModified\":\"2023-06-03T21:15:12+00:00\",\"description\":\"Rencontrez la musique Afrobeat de Zourati\u00e9 Kon\u00e9. La musique d'un Griot ouest africain.\",\"breadcrumb\":{\"@id\":\"https:\\\/\\\/zouratiekone.com\\\/fr\\\/about\\\/#breadcrumb\"},\"inLanguage\":\"fr-FR\",\"potentialAction\":[{\"@type\":\"ReadAction\",\"target\":[\"https:\\\/\\\/zouratiekone.com\\\/fr\\\/about\\\/\"]}]},{\"@type\":\"ImageObject\",\"inLanguage\":\"fr-FR\",\"@id\":\"https:\\\/\\\/zouratiekone.com\\\/fr\\\/about\\\/#primaryimage\",\"url\":\"http:\\\/\\\/zouratiekone.com\\\/wp-content\\\/uploads\\\/2020\\\/07\\\/Zouratie-vert-2000-001.jpg\",\"contentUrl\":\"http:\\\/\\\/zouratiekone.com\\\/wp-content\\\/uploads\\\/2020\\\/07\\\/Zouratie-vert-2000-001.jpg\"},{\"@type\":\"BreadcrumbList\",\"@id\":\"https:\\\/\\\/zouratiekone.com\\\/fr\\\/about\\\/#breadcrumb\",\"itemListElement\":[{\"@type\":\"ListItem\",\"position\":1,\"name\":\"Home\",\"item\":\"https:\\\/\\\/zouratiekone.com\\\/fr\\\/\"},{\"@type\":\"ListItem\",\"position\":2,\"name\":\"Qui est Zourati\u00e9 Kon\u00e9\"}]},{\"@type\":\"WebSite\",\"@id\":\"https:\\\/\\\/zouratiekone.com\\\/#website\",\"url\":\"https:\\\/\\\/zouratiekone.com\\\/\",\"name\":\"Zourati\u00e9 Kon\u00e9\",\"description\":\"Afro Jazz Mandingue\",\"publisher\":{\"@id\":\"https:\\\/\\\/zouratiekone.com\\\/#\\\/schema\\\/person\\\/9aeda503b418929bcf7366a3df35bca6\"},\"potentialAction\":[{\"@type\":\"SearchAction\",\"target\":{\"@type\":\"EntryPoint\",\"urlTemplate\":\"https:\\\/\\\/zouratiekone.com\\\/?s={search_term_string}\"},\"query-input\":{\"@type\":\"PropertyValueSpecification\",\"valueRequired\":true,\"valueName\":\"search_term_string\"}}],\"inLanguage\":\"fr-FR\"},{\"@type\":[\"Person\",\"Organization\"],\"@id\":\"https:\\\/\\\/zouratiekone.com\\\/#\\\/schema\\\/person\\\/9aeda503b418929bcf7366a3df35bca6\",\"name\":\"Zourati\u00e9 Kon\u00e9\",\"image\":{\"@type\":\"ImageObject\",\"inLanguage\":\"fr-FR\",\"@id\":\"https:\\\/\\\/zouratiekone.com\\\/wp-content\\\/uploads\\\/2020\\\/07\\\/Logo-ZKE-003.png\",\"url\":\"https:\\\/\\\/zouratiekone.com\\\/wp-content\\\/uploads\\\/2020\\\/07\\\/Logo-ZKE-003.png\",\"contentUrl\":\"https:\\\/\\\/zouratiekone.com\\\/wp-content\\\/uploads\\\/2020\\\/07\\\/Logo-ZKE-003.png\",\"width\":1000,\"height\":152,\"caption\":\"Zourati\u00e9 Kon\u00e9\"},\"logo\":{\"@id\":\"https:\\\/\\\/zouratiekone.com\\\/wp-content\\\/uploads\\\/2020\\\/07\\\/Logo-ZKE-003.png\"}}]}<\/script>\n<!-- \/ Yoast SEO plugin. -->","yoast_head_json":{"title":"Qui est Zourati\u00e9 Kon\u00e9 | Zourati\u00e9 Kon\u00e9","description":"Rencontrez la musique Afrobeat de Zourati\u00e9 Kon\u00e9. La musique d'un Griot ouest africain.","robots":{"index":"index","follow":"follow","max-snippet":"max-snippet:-1","max-image-preview":"max-image-preview:large","max-video-preview":"max-video-preview:-1"},"canonical":"https:\/\/zouratiekone.com\/fr\/about\/","og_locale":"fr_FR","og_type":"article","og_title":"Qui est Zourati\u00e9 Kon\u00e9 | Zourati\u00e9 Kon\u00e9","og_description":"Rencontrez la musique Afrobeat de Zourati\u00e9 Kon\u00e9. La musique d'un Griot ouest africain.","og_url":"https:\/\/zouratiekone.com\/fr\/about\/","og_site_name":"Zourati\u00e9 Kon\u00e9","article_modified_time":"2023-06-03T21:15:12+00:00","og_image":[{"url":"http:\/\/zouratiekone.com\/wp-content\/uploads\/2020\/07\/Zouratie-vert-2000-001.jpg","type":"","width":"","height":""}],"twitter_card":"summary_large_image","twitter_misc":{"Dur\u00e9e de lecture estim\u00e9e":"2 minutes"},"schema":{"@context":"https:\/\/schema.org","@graph":[{"@type":"WebPage","@id":"https:\/\/zouratiekone.com\/fr\/about\/","url":"https:\/\/zouratiekone.com\/fr\/about\/","name":"Qui est Zourati\u00e9 Kon\u00e9 | Zourati\u00e9 Kon\u00e9","isPartOf":{"@id":"https:\/\/zouratiekone.com\/#website"},"primaryImageOfPage":{"@id":"https:\/\/zouratiekone.com\/fr\/about\/#primaryimage"},"image":{"@id":"https:\/\/zouratiekone.com\/fr\/about\/#primaryimage"},"thumbnailUrl":"http:\/\/zouratiekone.com\/wp-content\/uploads\/2020\/07\/Zouratie-vert-2000-001.jpg","datePublished":"2020-07-10T20:54:48+00:00","dateModified":"2023-06-03T21:15:12+00:00","description":"Rencontrez la musique Afrobeat de Zourati\u00e9 Kon\u00e9. La musique d'un Griot ouest africain.","breadcrumb":{"@id":"https:\/\/zouratiekone.com\/fr\/about\/#breadcrumb"},"inLanguage":"fr-FR","potentialAction":[{"@type":"ReadAction","target":["https:\/\/zouratiekone.com\/fr\/about\/"]}]},{"@type":"ImageObject","inLanguage":"fr-FR","@id":"https:\/\/zouratiekone.com\/fr\/about\/#primaryimage","url":"http:\/\/zouratiekone.com\/wp-content\/uploads\/2020\/07\/Zouratie-vert-2000-001.jpg","contentUrl":"http:\/\/zouratiekone.com\/wp-content\/uploads\/2020\/07\/Zouratie-vert-2000-001.jpg"},{"@type":"BreadcrumbList","@id":"https:\/\/zouratiekone.com\/fr\/about\/#breadcrumb","itemListElement":[{"@type":"ListItem","position":1,"name":"Home","item":"https:\/\/zouratiekone.com\/fr\/"},{"@type":"ListItem","position":2,"name":"Qui est Zourati\u00e9 Kon\u00e9"}]},{"@type":"WebSite","@id":"https:\/\/zouratiekone.com\/#website","url":"https:\/\/zouratiekone.com\/","name":"Zourati\u00e9 Kon\u00e9","description":"Afro Jazz Mandingue","publisher":{"@id":"https:\/\/zouratiekone.com\/#\/schema\/person\/9aeda503b418929bcf7366a3df35bca6"},"potentialAction":[{"@type":"SearchAction","target":{"@type":"EntryPoint","urlTemplate":"https:\/\/zouratiekone.com\/?s={search_term_string}"},"query-input":{"@type":"PropertyValueSpecification","valueRequired":true,"valueName":"search_term_string"}}],"inLanguage":"fr-FR"},{"@type":["Person","Organization"],"@id":"https:\/\/zouratiekone.com\/#\/schema\/person\/9aeda503b418929bcf7366a3df35bca6","name":"Zourati\u00e9 Kon\u00e9","image":{"@type":"ImageObject","inLanguage":"fr-FR","@id":"https:\/\/zouratiekone.com\/wp-content\/uploads\/2020\/07\/Logo-ZKE-003.png","url":"https:\/\/zouratiekone.com\/wp-content\/uploads\/2020\/07\/Logo-ZKE-003.png","contentUrl":"https:\/\/zouratiekone.com\/wp-content\/uploads\/2020\/07\/Logo-ZKE-003.png","width":1000,"height":152,"caption":"Zourati\u00e9 Kon\u00e9"},"logo":{"@id":"https:\/\/zouratiekone.com\/wp-content\/uploads\/2020\/07\/Logo-ZKE-003.png"}}]}},"jetpack_sharing_enabled":true,"_links":{"self":[{"href":"https:\/\/zouratiekone.com\/fr\/wp-json\/wp\/v2\/pages\/198","targetHints":{"allow":["GET"]}}],"collection":[{"href":"https:\/\/zouratiekone.com\/fr\/wp-json\/wp\/v2\/pages"}],"about":[{"href":"https:\/\/zouratiekone.com\/fr\/wp-json\/wp\/v2\/types\/page"}],"author":[{"embeddable":true,"href":"https:\/\/zouratiekone.com\/fr\/wp-json\/wp\/v2\/users\/1"}],"replies":[{"embeddable":true,"href":"https:\/\/zouratiekone.com\/fr\/wp-json\/wp\/v2\/comments?post=198"}],"version-history":[{"count":3,"href":"https:\/\/zouratiekone.com\/fr\/wp-json\/wp\/v2\/pages\/198\/revisions"}],"predecessor-version":[{"id":1362,"href":"https:\/\/zouratiekone.com\/fr\/wp-json\/wp\/v2\/pages\/198\/revisions\/1362"}],"wp:attachment":[{"href":"https:\/\/zouratiekone.com\/fr\/wp-json\/wp\/v2\/media?parent=198"}],"curies":[{"name":"wp","href":"https:\/\/api.w.org\/{rel}","templated":true}]}}