{"id":316,"date":"2020-07-10T11:09:25","date_gmt":"2020-07-10T11:09:25","guid":{"rendered":"http:\/\/zouratiekone.com\/la-musique\/"},"modified":"2023-06-05T11:27:36","modified_gmt":"2023-06-05T11:27:36","slug":"la-musique","status":"publish","type":"page","link":"https:\/\/zouratiekone.com\/fr\/la-musique\/","title":{"rendered":"La musique"},"content":{"rendered":"\t\t<div data-elementor-type=\"wp-page\" data-elementor-id=\"316\" class=\"elementor elementor-316\" data-elementor-post-type=\"page\">\n\t\t\t\t\t\t<section class=\"elementor-section elementor-top-section elementor-element elementor-element-fb6bd80 elementor-section-height-full elementor-section-content-middle elementor-section-boxed elementor-section-height-default elementor-section-items-middle\" data-id=\"fb6bd80\" data-element_type=\"section\" data-e-type=\"section\" data-settings=\"{&quot;background_background&quot;:&quot;classic&quot;}\">\n\t\t\t\t\t\t\t<div class=\"elementor-background-overlay\"><\/div>\n\t\t\t\t\t\t\t<div class=\"elementor-container elementor-column-gap-default\">\n\t\t\t\t\t<div class=\"elementor-column elementor-col-50 elementor-top-column elementor-element elementor-element-38ce554\" data-id=\"38ce554\" data-element_type=\"column\" data-e-type=\"column\">\n\t\t\t<div class=\"elementor-widget-wrap elementor-element-populated\">\n\t\t\t\t\t\t<div class=\"elementor-element elementor-element-7fa9f0d elementor-widget elementor-widget-heading\" data-id=\"7fa9f0d\" data-element_type=\"widget\" data-e-type=\"widget\" data-widget_type=\"heading.default\">\n\t\t\t\t<div class=\"elementor-widget-container\">\n\t\t\t\t\t<h2 class=\"elementor-heading-title elementor-size-default\">La musique<\/h2>\t\t\t\t<\/div>\n\t\t\t\t<\/div>\n\t\t\t\t\t<\/div>\n\t\t<\/div>\n\t\t\t\t<div class=\"elementor-column elementor-col-50 elementor-top-column elementor-element elementor-element-6def3e0\" data-id=\"6def3e0\" data-element_type=\"column\" data-e-type=\"column\">\n\t\t\t<div class=\"elementor-widget-wrap elementor-element-populated\">\n\t\t\t\t\t\t<div class=\"elementor-element elementor-element-dccb515 elementor-widget elementor-widget-audio\" data-id=\"dccb515\" data-element_type=\"widget\" data-e-type=\"widget\" data-widget_type=\"audio.default\">\n\t\t\t\t<div class=\"elementor-widget-container\">\n\t\t\t\t\t\t\t\t<div class=\"elementor-soundcloud-wrapper\">\n\t\t\t\t<iframe class=\"zeen-lazy-load-base zeen-lazy-load\" width=\"100%\" height=\"352\" frameborder=\"0\" allowfullscreen allow=\"autoplay; clipboard-write; encrypted-media; fullscreen; picture-in-picture\" loading=\"lazy\" src=\"about:blank\" data-lazy-src=\"https:\/\/open.spotify.com\/embed\/artist\/1kHTm5dd9i4yJWoV7bvpwK?utm_source=oembed&#038;auto_play=false&#038;buying=true&#038;liking=true&#038;download=true&#038;sharing=true&#038;show_comments=true&#038;show_playcount=false&#038;show_user=true&#038;show_artwork=false&#038;color=009E49\"><\/iframe><noscript><iframe width=\"100%\" height=\"352\" frameborder=\"0\" allowfullscreen allow=\"autoplay; clipboard-write; encrypted-media; fullscreen; picture-in-picture\" loading=\"lazy\" src=\"https:\/\/open.spotify.com\/embed\/artist\/1kHTm5dd9i4yJWoV7bvpwK?utm_source=oembed&#038;auto_play=false&#038;buying=true&#038;liking=true&#038;download=true&#038;sharing=true&#038;show_comments=true&#038;show_playcount=false&#038;show_user=true&#038;show_artwork=false&#038;color=009E49\"><\/iframe><\/noscript>\t\t\t<\/div>\n\t\t\t\t\t\t\t<\/div>\n\t\t\t\t<\/div>\n\t\t\t\t\t<\/div>\n\t\t<\/div>\n\t\t\t\t\t<\/div>\n\t\t<\/section>\n\t\t\t\t<\/div>\n\t\t","protected":false},"excerpt":{"rendered":"<p>La musique<\/p>\n","protected":false},"author":1,"featured_media":0,"parent":0,"menu_order":0,"comment_status":"closed","ping_status":"closed","template":"elementor_header_footer","meta":{"footnotes":""},"class_list":["post-316","page","type-page","status-publish","hentry"],"yoast_head":"<!-- This site is optimized with the Yoast SEO plugin v27.3 - https:\/\/yoast.com\/product\/yoast-seo-wordpress\/ -->\n<title>La musique | Zourati\u00e9 Kon\u00e9<\/title>\n<meta name=\"robots\" content=\"index, follow, max-snippet:-1, max-image-preview:large, max-video-preview:-1\" \/>\n<link rel=\"canonical\" href=\"https:\/\/zouratiekone.com\/fr\/la-musique\/\" \/>\n<meta property=\"og:locale\" content=\"fr_FR\" \/>\n<meta property=\"og:type\" content=\"article\" \/>\n<meta property=\"og:title\" content=\"La musique | Zourati\u00e9 Kon\u00e9\" \/>\n<meta property=\"og:description\" content=\"La musique\" \/>\n<meta property=\"og:url\" content=\"https:\/\/zouratiekone.com\/fr\/la-musique\/\" \/>\n<meta property=\"og:site_name\" content=\"Zourati\u00e9 Kon\u00e9\" \/>\n<meta property=\"article:modified_time\" content=\"2023-06-05T11:27:36+00:00\" \/>\n<meta name=\"twitter:card\" content=\"summary_large_image\" \/>\n<meta name=\"twitter:label1\" content=\"Dur\u00e9e de lecture estim\u00e9e\" \/>\n\t<meta name=\"twitter:data1\" content=\"1 minute\" \/>\n<script type=\"application\/ld+json\" class=\"yoast-schema-graph\">{\"@context\":\"https:\\\/\\\/schema.org\",\"@graph\":[{\"@type\":\"WebPage\",\"@id\":\"https:\\\/\\\/zouratiekone.com\\\/fr\\\/la-musique\\\/\",\"url\":\"https:\\\/\\\/zouratiekone.com\\\/fr\\\/la-musique\\\/\",\"name\":\"La musique | Zourati\u00e9 Kon\u00e9\",\"isPartOf\":{\"@id\":\"https:\\\/\\\/zouratiekone.com\\\/#website\"},\"datePublished\":\"2020-07-10T11:09:25+00:00\",\"dateModified\":\"2023-06-05T11:27:36+00:00\",\"breadcrumb\":{\"@id\":\"https:\\\/\\\/zouratiekone.com\\\/fr\\\/la-musique\\\/#breadcrumb\"},\"inLanguage\":\"fr-FR\",\"potentialAction\":[{\"@type\":\"ReadAction\",\"target\":[\"https:\\\/\\\/zouratiekone.com\\\/fr\\\/la-musique\\\/\"]}]},{\"@type\":\"BreadcrumbList\",\"@id\":\"https:\\\/\\\/zouratiekone.com\\\/fr\\\/la-musique\\\/#breadcrumb\",\"itemListElement\":[{\"@type\":\"ListItem\",\"position\":1,\"name\":\"Home\",\"item\":\"https:\\\/\\\/zouratiekone.com\\\/fr\\\/\"},{\"@type\":\"ListItem\",\"position\":2,\"name\":\"La musique\"}]},{\"@type\":\"WebSite\",\"@id\":\"https:\\\/\\\/zouratiekone.com\\\/#website\",\"url\":\"https:\\\/\\\/zouratiekone.com\\\/\",\"name\":\"Zourati\u00e9 Kon\u00e9\",\"description\":\"Afro Jazz Mandingue\",\"publisher\":{\"@id\":\"https:\\\/\\\/zouratiekone.com\\\/#\\\/schema\\\/person\\\/9aeda503b418929bcf7366a3df35bca6\"},\"potentialAction\":[{\"@type\":\"SearchAction\",\"target\":{\"@type\":\"EntryPoint\",\"urlTemplate\":\"https:\\\/\\\/zouratiekone.com\\\/?s={search_term_string}\"},\"query-input\":{\"@type\":\"PropertyValueSpecification\",\"valueRequired\":true,\"valueName\":\"search_term_string\"}}],\"inLanguage\":\"fr-FR\"},{\"@type\":[\"Person\",\"Organization\"],\"@id\":\"https:\\\/\\\/zouratiekone.com\\\/#\\\/schema\\\/person\\\/9aeda503b418929bcf7366a3df35bca6\",\"name\":\"Zourati\u00e9 Kon\u00e9\",\"image\":{\"@type\":\"ImageObject\",\"inLanguage\":\"fr-FR\",\"@id\":\"https:\\\/\\\/zouratiekone.com\\\/wp-content\\\/uploads\\\/2020\\\/07\\\/Logo-ZKE-003.png\",\"url\":\"https:\\\/\\\/zouratiekone.com\\\/wp-content\\\/uploads\\\/2020\\\/07\\\/Logo-ZKE-003.png\",\"contentUrl\":\"https:\\\/\\\/zouratiekone.com\\\/wp-content\\\/uploads\\\/2020\\\/07\\\/Logo-ZKE-003.png\",\"width\":1000,\"height\":152,\"caption\":\"Zourati\u00e9 Kon\u00e9\"},\"logo\":{\"@id\":\"https:\\\/\\\/zouratiekone.com\\\/wp-content\\\/uploads\\\/2020\\\/07\\\/Logo-ZKE-003.png\"}}]}<\/script>\n<!-- \/ Yoast SEO plugin. -->","yoast_head_json":{"title":"La musique | Zourati\u00e9 Kon\u00e9","robots":{"index":"index","follow":"follow","max-snippet":"max-snippet:-1","max-image-preview":"max-image-preview:large","max-video-preview":"max-video-preview:-1"},"canonical":"https:\/\/zouratiekone.com\/fr\/la-musique\/","og_locale":"fr_FR","og_type":"article","og_title":"La musique | Zourati\u00e9 Kon\u00e9","og_description":"La musique","og_url":"https:\/\/zouratiekone.com\/fr\/la-musique\/","og_site_name":"Zourati\u00e9 Kon\u00e9","article_modified_time":"2023-06-05T11:27:36+00:00","twitter_card":"summary_large_image","twitter_misc":{"Dur\u00e9e de lecture estim\u00e9e":"1 minute"},"schema":{"@context":"https:\/\/schema.org","@graph":[{"@type":"WebPage","@id":"https:\/\/zouratiekone.com\/fr\/la-musique\/","url":"https:\/\/zouratiekone.com\/fr\/la-musique\/","name":"La musique | Zourati\u00e9 Kon\u00e9","isPartOf":{"@id":"https:\/\/zouratiekone.com\/#website"},"datePublished":"2020-07-10T11:09:25+00:00","dateModified":"2023-06-05T11:27:36+00:00","breadcrumb":{"@id":"https:\/\/zouratiekone.com\/fr\/la-musique\/#breadcrumb"},"inLanguage":"fr-FR","potentialAction":[{"@type":"ReadAction","target":["https:\/\/zouratiekone.com\/fr\/la-musique\/"]}]},{"@type":"BreadcrumbList","@id":"https:\/\/zouratiekone.com\/fr\/la-musique\/#breadcrumb","itemListElement":[{"@type":"ListItem","position":1,"name":"Home","item":"https:\/\/zouratiekone.com\/fr\/"},{"@type":"ListItem","position":2,"name":"La musique"}]},{"@type":"WebSite","@id":"https:\/\/zouratiekone.com\/#website","url":"https:\/\/zouratiekone.com\/","name":"Zourati\u00e9 Kon\u00e9","description":"Afro Jazz Mandingue","publisher":{"@id":"https:\/\/zouratiekone.com\/#\/schema\/person\/9aeda503b418929bcf7366a3df35bca6"},"potentialAction":[{"@type":"SearchAction","target":{"@type":"EntryPoint","urlTemplate":"https:\/\/zouratiekone.com\/?s={search_term_string}"},"query-input":{"@type":"PropertyValueSpecification","valueRequired":true,"valueName":"search_term_string"}}],"inLanguage":"fr-FR"},{"@type":["Person","Organization"],"@id":"https:\/\/zouratiekone.com\/#\/schema\/person\/9aeda503b418929bcf7366a3df35bca6","name":"Zourati\u00e9 Kon\u00e9","image":{"@type":"ImageObject","inLanguage":"fr-FR","@id":"https:\/\/zouratiekone.com\/wp-content\/uploads\/2020\/07\/Logo-ZKE-003.png","url":"https:\/\/zouratiekone.com\/wp-content\/uploads\/2020\/07\/Logo-ZKE-003.png","contentUrl":"https:\/\/zouratiekone.com\/wp-content\/uploads\/2020\/07\/Logo-ZKE-003.png","width":1000,"height":152,"caption":"Zourati\u00e9 Kon\u00e9"},"logo":{"@id":"https:\/\/zouratiekone.com\/wp-content\/uploads\/2020\/07\/Logo-ZKE-003.png"}}]}},"jetpack_sharing_enabled":true,"_links":{"self":[{"href":"https:\/\/zouratiekone.com\/fr\/wp-json\/wp\/v2\/pages\/316","targetHints":{"allow":["GET"]}}],"collection":[{"href":"https:\/\/zouratiekone.com\/fr\/wp-json\/wp\/v2\/pages"}],"about":[{"href":"https:\/\/zouratiekone.com\/fr\/wp-json\/wp\/v2\/types\/page"}],"author":[{"embeddable":true,"href":"https:\/\/zouratiekone.com\/fr\/wp-json\/wp\/v2\/users\/1"}],"replies":[{"embeddable":true,"href":"https:\/\/zouratiekone.com\/fr\/wp-json\/wp\/v2\/comments?post=316"}],"version-history":[{"count":4,"href":"https:\/\/zouratiekone.com\/fr\/wp-json\/wp\/v2\/pages\/316\/revisions"}],"predecessor-version":[{"id":1369,"href":"https:\/\/zouratiekone.com\/fr\/wp-json\/wp\/v2\/pages\/316\/revisions\/1369"}],"wp:attachment":[{"href":"https:\/\/zouratiekone.com\/fr\/wp-json\/wp\/v2\/media?parent=316"}],"curies":[{"name":"wp","href":"https:\/\/api.w.org\/{rel}","templated":true}]}}