{"id":322,"date":"2020-07-10T12:42:50","date_gmt":"2020-07-10T12:42:50","guid":{"rendered":"http:\/\/zouratiekone.com\/video\/"},"modified":"2021-03-25T14:53:37","modified_gmt":"2021-03-25T14:53:37","slug":"video","status":"publish","type":"page","link":"https:\/\/zouratiekone.com\/fr\/video\/","title":{"rendered":"Vid\u00e9o"},"content":{"rendered":"\t\t<div data-elementor-type=\"wp-page\" data-elementor-id=\"322\" class=\"elementor elementor-322\" data-elementor-post-type=\"page\">\n\t\t\t\t\t\t<section class=\"elementor-section elementor-top-section elementor-element elementor-element-bf55c58 elementor-section-height-full elementor-section-boxed elementor-section-height-default elementor-section-items-middle\" data-id=\"bf55c58\" data-element_type=\"section\" data-e-type=\"section\" data-settings=\"{&quot;background_background&quot;:&quot;classic&quot;}\">\n\t\t\t\t\t\t<div class=\"elementor-container elementor-column-gap-default\">\n\t\t\t\t\t<div class=\"elementor-column elementor-col-100 elementor-top-column elementor-element elementor-element-ec0c2f7\" data-id=\"ec0c2f7\" data-element_type=\"column\" data-e-type=\"column\">\n\t\t\t<div class=\"elementor-widget-wrap elementor-element-populated\">\n\t\t\t\t\t\t<div class=\"elementor-element elementor-element-63b60e6 elementor-widget elementor-widget-heading\" data-id=\"63b60e6\" data-element_type=\"widget\" data-e-type=\"widget\" data-widget_type=\"heading.default\">\n\t\t\t\t<div class=\"elementor-widget-container\">\n\t\t\t\t\t<h2 class=\"elementor-heading-title elementor-size-default\">Vid\u00e9os<\/h2>\t\t\t\t<\/div>\n\t\t\t\t<\/div>\n\t\t\t\t<div class=\"elementor-element elementor-element-1237df3 elementor-view-default elementor-widget elementor-widget-icon\" data-id=\"1237df3\" data-element_type=\"widget\" data-e-type=\"widget\" data-widget_type=\"icon.default\">\n\t\t\t\t<div class=\"elementor-widget-container\">\n\t\t\t\t\t\t\t<div class=\"elementor-icon-wrapper\">\n\t\t\t<a class=\"elementor-icon\" href=\"#start\">\n\t\t\t<i aria-hidden=\"true\" class=\"fas fa-chevron-down\"><\/i>\t\t\t<\/a>\n\t\t<\/div>\n\t\t\t\t\t\t<\/div>\n\t\t\t\t<\/div>\n\t\t\t\t\t<\/div>\n\t\t<\/div>\n\t\t\t\t\t<\/div>\n\t\t<\/section>\n\t\t\t\t<section class=\"elementor-section elementor-top-section elementor-element elementor-element-0d4036d elementor-section-full_width elementor-section-height-default elementor-section-height-default\" data-id=\"0d4036d\" data-element_type=\"section\" data-e-type=\"section\">\n\t\t\t\t\t\t<div class=\"elementor-container elementor-column-gap-default\">\n\t\t\t\t\t<div class=\"elementor-column elementor-col-100 elementor-top-column elementor-element elementor-element-788097f\" data-id=\"788097f\" data-element_type=\"column\" data-e-type=\"column\">\n\t\t\t<div class=\"elementor-widget-wrap elementor-element-populated\">\n\t\t\t\t\t\t<div class=\"elementor-element elementor-element-2a779ab elementor-widget elementor-widget-menu-anchor\" data-id=\"2a779ab\" data-element_type=\"widget\" data-e-type=\"widget\" data-widget_type=\"menu-anchor.default\">\n\t\t\t\t<div class=\"elementor-widget-container\">\n\t\t\t\t\t\t\t<div class=\"elementor-menu-anchor\" id=\"start\"><\/div>\n\t\t\t\t\t\t<\/div>\n\t\t\t\t<\/div>\n\t\t\t\t\t<\/div>\n\t\t<\/div>\n\t\t\t\t\t<\/div>\n\t\t<\/section>\n\t\t\t\t<section class=\"elementor-section elementor-top-section elementor-element elementor-element-33a31f6 elementor-section-full_width elementor-section-height-default elementor-section-height-default\" data-id=\"33a31f6\" data-element_type=\"section\" data-e-type=\"section\" data-settings=\"{&quot;background_background&quot;:&quot;classic&quot;}\">\n\t\t\t\t\t\t<div class=\"elementor-container elementor-column-gap-default\">\n\t\t\t\t\t<div class=\"elementor-column elementor-col-100 elementor-top-column elementor-element elementor-element-01bd66f\" data-id=\"01bd66f\" data-element_type=\"column\" data-e-type=\"column\">\n\t\t\t<div class=\"elementor-widget-wrap elementor-element-populated\">\n\t\t\t\t\t\t<div class=\"elementor-element elementor-element-72bade8 uael-video-gallery__column-3 uael-video-gallery-tablet__column-2 uael-video-gallery-mobile__column-1 elementor-widget elementor-widget-uael-video-gallery\" data-id=\"72bade8\" data-element_type=\"widget\" data-e-type=\"widget\" data-settings=\"{&quot;column_gap&quot;:{&quot;unit&quot;:&quot;px&quot;,&quot;size&quot;:25,&quot;sizes&quot;:[]},&quot;row_gap&quot;:{&quot;unit&quot;:&quot;px&quot;,&quot;size&quot;:25,&quot;sizes&quot;:[]},&quot;play_icon_size&quot;:{&quot;unit&quot;:&quot;px&quot;,&quot;size&quot;:42,&quot;sizes&quot;:[]},&quot;gallery_columns&quot;:&quot;3&quot;,&quot;gallery_columns_tablet&quot;:&quot;2&quot;,&quot;gallery_columns_mobile&quot;:&quot;1&quot;,&quot;column_gap_tablet&quot;:{&quot;unit&quot;:&quot;px&quot;,&quot;size&quot;:&quot;&quot;,&quot;sizes&quot;:[]},&quot;column_gap_mobile&quot;:{&quot;unit&quot;:&quot;px&quot;,&quot;size&quot;:&quot;&quot;,&quot;sizes&quot;:[]},&quot;row_gap_tablet&quot;:{&quot;unit&quot;:&quot;px&quot;,&quot;size&quot;:&quot;&quot;,&quot;sizes&quot;:[]},&quot;row_gap_mobile&quot;:{&quot;unit&quot;:&quot;px&quot;,&quot;size&quot;:&quot;&quot;,&quot;sizes&quot;:[]},&quot;play_icon_size_tablet&quot;:{&quot;unit&quot;:&quot;px&quot;,&quot;size&quot;:45,&quot;sizes&quot;:[]},&quot;play_icon_size_mobile&quot;:{&quot;unit&quot;:&quot;px&quot;,&quot;size&quot;:35,&quot;sizes&quot;:[]}}\" data-widget_type=\"uael-video-gallery.default\">\n\t\t\t\t<div class=\"elementor-widget-container\">\n\t\t\t\t\t<div class=\"uael-video-gallery-wrap uael-vg__layout-grid uael-vg__action-lightbox uael-aspect-ratio-16_9\" data-action=\"lightbox\" data-layout=\"grid\" data-all-filters=\"filter- filter-youtube\" >\t\t\t\t<div class=\"uael-video__gallery-item\" id=\"uael-video__gallery-item1\">\n\n\t\t\t\t\t\t\t\t\t\t<div class=\"uael-video__gallery-iframe\" style=\"background-image:url('https:\/\/i.ytimg.com\/vi\/9--5q22-JUw\/hqdefault.jpg');\">\n\t\t\t\t\t\t<a class=\"elementor-clickable uael-vg__play_full\" href=\"https:\/\/www.youtube.com\/embed\/9--5q22-JUw?autoplay=1&amp;version=3&amp;enablejsapi=1\" data-fancybox=\"uael-video-gallery-72bade8\">\n\t\t\t\t\t\t\t<div class=\"uael-video__content-wrap\">\n\t\t\t\t\t\t\t\t<div class=\"uael-video__content\">\n\t\t\t\t\t\t\t\t\t\t\t\t\t\t\t\t\t\t<div class=\"uael-vg__play\">\n\t\t\t\t\t\t\t\t\t\t\t\t\t\t\t\t\t\t<span class=\"elementor-animation- uael-vg__play-icon\">\n\t\t\t\t\t\t<i aria-hidden=\"true\" class=\"far fa-play-circle\"><\/i>\t\t\t\t\t<\/span>\n\t\t\t\t\t\t\t\t\t\t\t\t\t\t\t\t\t\t<\/div>\n\n\t\t\t\t\t\t\t\t\t\n\t\t\t\t\t\t\t\t<\/div>\n\t\t\t\t\t\t\t<\/div>\n\t\t\t\t\t\t<\/a>\n\t\t\t\t\t<\/div>\n\t\t\t\t\t\t\t\t\t\t<div class=\"uael-vg__overlay\"><\/div>\n\t\t\t\t\t\t\t\t\t<\/div>\n\t\t\t\t\t\t\t\t<div class=\"uael-video__gallery-item\" id=\"uael-video__gallery-item2\">\n\n\t\t\t\t\t\t\t\t\t\t<div class=\"uael-video__gallery-iframe\" style=\"background-image:url('https:\/\/i.ytimg.com\/vi\/EcBopyiQD88\/hqdefault.jpg');\">\n\t\t\t\t\t\t<a class=\"elementor-clickable uael-vg__play_full\" href=\"https:\/\/www.youtube.com\/embed\/EcBopyiQD88?autoplay=1&amp;version=3&amp;enablejsapi=1\" data-fancybox=\"uael-video-gallery-72bade8\">\n\t\t\t\t\t\t\t<div class=\"uael-video__content-wrap\">\n\t\t\t\t\t\t\t\t<div class=\"uael-video__content\">\n\t\t\t\t\t\t\t\t\t\t\t\t\t\t\t\t\t\t<div class=\"uael-vg__play\">\n\t\t\t\t\t\t\t\t\t\t\t\t\t\t\t\t\t\t<span class=\"elementor-animation- uael-vg__play-icon\">\n\t\t\t\t\t\t<i aria-hidden=\"true\" class=\"far fa-play-circle\"><\/i>\t\t\t\t\t<\/span>\n\t\t\t\t\t\t\t\t\t\t\t\t\t\t\t\t\t\t<\/div>\n\n\t\t\t\t\t\t\t\t\t\n\t\t\t\t\t\t\t\t<\/div>\n\t\t\t\t\t\t\t<\/div>\n\t\t\t\t\t\t<\/a>\n\t\t\t\t\t<\/div>\n\t\t\t\t\t\t\t\t\t\t<div class=\"uael-vg__overlay\"><\/div>\n\t\t\t\t\t\t\t\t\t<\/div>\n\t\t\t\t\t\t\t\t<div class=\"uael-video__gallery-item\" id=\"uael-video__gallery-item3\">\n\n\t\t\t\t\t\t\t\t\t\t<div class=\"uael-video__gallery-iframe\" style=\"background-image:url('https:\/\/i.ytimg.com\/vi\/yB2C54LPgWc\/hqdefault.jpg');\">\n\t\t\t\t\t\t<a class=\"elementor-clickable uael-vg__play_full\" href=\"https:\/\/www.youtube.com\/embed\/yB2C54LPgWc?autoplay=1&amp;version=3&amp;enablejsapi=1\" data-fancybox=\"uael-video-gallery-72bade8\">\n\t\t\t\t\t\t\t<div class=\"uael-video__content-wrap\">\n\t\t\t\t\t\t\t\t<div class=\"uael-video__content\">\n\t\t\t\t\t\t\t\t\t\t\t\t\t\t\t\t\t\t<div class=\"uael-vg__play\">\n\t\t\t\t\t\t\t\t\t\t\t\t\t\t\t\t\t\t<span class=\"elementor-animation- uael-vg__play-icon\">\n\t\t\t\t\t\t<i aria-hidden=\"true\" class=\"far fa-play-circle\"><\/i>\t\t\t\t\t<\/span>\n\t\t\t\t\t\t\t\t\t\t\t\t\t\t\t\t\t\t<\/div>\n\n\t\t\t\t\t\t\t\t\t\n\t\t\t\t\t\t\t\t<\/div>\n\t\t\t\t\t\t\t<\/div>\n\t\t\t\t\t\t<\/a>\n\t\t\t\t\t<\/div>\n\t\t\t\t\t\t\t\t\t\t<div class=\"uael-vg__overlay\"><\/div>\n\t\t\t\t\t\t\t\t\t<\/div>\n\t\t\t\t\t\t\t\t<div class=\"uael-video__gallery-item\" id=\"uael-video__gallery-item4\">\n\n\t\t\t\t\t\t\t\t\t\t<div class=\"uael-video__gallery-iframe\" style=\"background-image:url('https:\/\/i.ytimg.com\/vi\/90YtSzcJ6nk\/hqdefault.jpg');\">\n\t\t\t\t\t\t<a class=\"elementor-clickable uael-vg__play_full\" href=\"https:\/\/www.youtube.com\/embed\/90YtSzcJ6nk?autoplay=1&amp;version=3&amp;enablejsapi=1\" data-fancybox=\"uael-video-gallery-72bade8\">\n\t\t\t\t\t\t\t<div class=\"uael-video__content-wrap\">\n\t\t\t\t\t\t\t\t<div class=\"uael-video__content\">\n\t\t\t\t\t\t\t\t\t\t\t\t\t\t\t\t\t\t<div class=\"uael-vg__play\">\n\t\t\t\t\t\t\t\t\t\t\t\t\t\t\t\t\t\t<span class=\"elementor-animation- uael-vg__play-icon\">\n\t\t\t\t\t\t<i aria-hidden=\"true\" class=\"far fa-play-circle\"><\/i>\t\t\t\t\t<\/span>\n\t\t\t\t\t\t\t\t\t\t\t\t\t\t\t\t\t\t<\/div>\n\n\t\t\t\t\t\t\t\t\t\n\t\t\t\t\t\t\t\t<\/div>\n\t\t\t\t\t\t\t<\/div>\n\t\t\t\t\t\t<\/a>\n\t\t\t\t\t<\/div>\n\t\t\t\t\t\t\t\t\t\t<div class=\"uael-vg__overlay\"><\/div>\n\t\t\t\t\t\t\t\t\t<\/div>\n\t\t\t\t\t\t\t\t<div class=\"uael-video__gallery-item\" id=\"uael-video__gallery-item5\">\n\n\t\t\t\t\t\t\t\t\t\t<div class=\"uael-video__gallery-iframe\" style=\"background-image:url('https:\/\/i.ytimg.com\/vi\/4eRGdtWkR8A\/hqdefault.jpg');\">\n\t\t\t\t\t\t<a class=\"elementor-clickable uael-vg__play_full\" href=\"https:\/\/www.youtube.com\/embed\/4eRGdtWkR8A?autoplay=1&amp;version=3&amp;enablejsapi=1\" data-fancybox=\"uael-video-gallery-72bade8\">\n\t\t\t\t\t\t\t<div class=\"uael-video__content-wrap\">\n\t\t\t\t\t\t\t\t<div class=\"uael-video__content\">\n\t\t\t\t\t\t\t\t\t\t\t\t\t\t\t\t\t\t<div class=\"uael-vg__play\">\n\t\t\t\t\t\t\t\t\t\t\t\t\t\t\t\t\t\t<span class=\"elementor-animation- uael-vg__play-icon\">\n\t\t\t\t\t\t<i aria-hidden=\"true\" class=\"far fa-play-circle\"><\/i>\t\t\t\t\t<\/span>\n\t\t\t\t\t\t\t\t\t\t\t\t\t\t\t\t\t\t<\/div>\n\n\t\t\t\t\t\t\t\t\t\n\t\t\t\t\t\t\t\t<\/div>\n\t\t\t\t\t\t\t<\/div>\n\t\t\t\t\t\t<\/a>\n\t\t\t\t\t<\/div>\n\t\t\t\t\t\t\t\t\t\t<div class=\"uael-vg__overlay\"><\/div>\n\t\t\t\t\t\t\t\t\t<\/div>\n\t\t\t\t\t\t\t\t<div class=\"uael-video__gallery-item\" id=\"uael-video__gallery-item6\">\n\n\t\t\t\t\t\t\t\t\t\t<div class=\"uael-video__gallery-iframe\" style=\"background-image:url('https:\/\/i.ytimg.com\/vi\/JwrnNyO5P58\/hqdefault.jpg');\">\n\t\t\t\t\t\t<a class=\"elementor-clickable uael-vg__play_full\" href=\"https:\/\/www.youtube.com\/embed\/JwrnNyO5P58?autoplay=1&amp;version=3&amp;enablejsapi=1\" data-fancybox=\"uael-video-gallery-72bade8\">\n\t\t\t\t\t\t\t<div class=\"uael-video__content-wrap\">\n\t\t\t\t\t\t\t\t<div class=\"uael-video__content\">\n\t\t\t\t\t\t\t\t\t\t\t\t\t\t\t\t\t\t<div class=\"uael-vg__play\">\n\t\t\t\t\t\t\t\t\t\t\t\t\t\t\t\t\t\t<span class=\"elementor-animation- uael-vg__play-icon\">\n\t\t\t\t\t\t<i aria-hidden=\"true\" class=\"far fa-play-circle\"><\/i>\t\t\t\t\t<\/span>\n\t\t\t\t\t\t\t\t\t\t\t\t\t\t\t\t\t\t<\/div>\n\n\t\t\t\t\t\t\t\t\t\n\t\t\t\t\t\t\t\t<\/div>\n\t\t\t\t\t\t\t<\/div>\n\t\t\t\t\t\t<\/a>\n\t\t\t\t\t<\/div>\n\t\t\t\t\t\t\t\t\t\t<div class=\"uael-vg__overlay\"><\/div>\n\t\t\t\t\t\t\t\t\t<\/div>\n\t\t\t\t\t\t\t\t<div class=\"uael-video__gallery-item\" id=\"uael-video__gallery-item7\">\n\n\t\t\t\t\t\t\t\t\t\t<div class=\"uael-video__gallery-iframe\" style=\"background-image:url('https:\/\/i.ytimg.com\/vi\/EUk5mHPTGJY\/hqdefault.jpg');\">\n\t\t\t\t\t\t<a class=\"elementor-clickable uael-vg__play_full\" href=\"https:\/\/www.youtube.com\/embed\/EUk5mHPTGJY?autoplay=1&amp;version=3&amp;enablejsapi=1\" data-fancybox=\"uael-video-gallery-72bade8\">\n\t\t\t\t\t\t\t<div class=\"uael-video__content-wrap\">\n\t\t\t\t\t\t\t\t<div class=\"uael-video__content\">\n\t\t\t\t\t\t\t\t\t\t\t\t\t\t\t\t\t\t<div class=\"uael-vg__play\">\n\t\t\t\t\t\t\t\t\t\t\t\t\t\t\t\t\t\t<span class=\"elementor-animation- uael-vg__play-icon\">\n\t\t\t\t\t\t<i aria-hidden=\"true\" class=\"far fa-play-circle\"><\/i>\t\t\t\t\t<\/span>\n\t\t\t\t\t\t\t\t\t\t\t\t\t\t\t\t\t\t<\/div>\n\n\t\t\t\t\t\t\t\t\t\n\t\t\t\t\t\t\t\t<\/div>\n\t\t\t\t\t\t\t<\/div>\n\t\t\t\t\t\t<\/a>\n\t\t\t\t\t<\/div>\n\t\t\t\t\t\t\t\t\t\t<div class=\"uael-vg__overlay\"><\/div>\n\t\t\t\t\t\t\t\t\t<\/div>\n\t\t\t\t\t\t\t\t<div class=\"uael-video__gallery-item\" id=\"uael-video__gallery-item8\">\n\n\t\t\t\t\t\t\t\t\t\t<div class=\"uael-video__gallery-iframe\" style=\"background-image:url('https:\/\/i.ytimg.com\/vi\/qCBW9RuahFk\/hqdefault.jpg');\">\n\t\t\t\t\t\t<a class=\"elementor-clickable uael-vg__play_full\" href=\"https:\/\/www.youtube.com\/embed\/qCBW9RuahFk?autoplay=1&amp;version=3&amp;enablejsapi=1\" data-fancybox=\"uael-video-gallery-72bade8\">\n\t\t\t\t\t\t\t<div class=\"uael-video__content-wrap\">\n\t\t\t\t\t\t\t\t<div class=\"uael-video__content\">\n\t\t\t\t\t\t\t\t\t\t\t\t\t\t\t\t\t\t<div class=\"uael-vg__play\">\n\t\t\t\t\t\t\t\t\t\t\t\t\t\t\t\t\t\t<span class=\"elementor-animation- uael-vg__play-icon\">\n\t\t\t\t\t\t<i aria-hidden=\"true\" class=\"far fa-play-circle\"><\/i>\t\t\t\t\t<\/span>\n\t\t\t\t\t\t\t\t\t\t\t\t\t\t\t\t\t\t<\/div>\n\n\t\t\t\t\t\t\t\t\t\n\t\t\t\t\t\t\t\t<\/div>\n\t\t\t\t\t\t\t<\/div>\n\t\t\t\t\t\t<\/a>\n\t\t\t\t\t<\/div>\n\t\t\t\t\t\t\t\t\t\t<div class=\"uael-vg__overlay\"><\/div>\n\t\t\t\t\t\t\t\t\t<\/div>\n\t\t\t\t\t\t\t\t<div class=\"uael-video__gallery-item\" id=\"uael-video__gallery-item9\">\n\n\t\t\t\t\t\t\t\t\t\t<div class=\"uael-video__gallery-iframe\" style=\"background-image:url('https:\/\/i.ytimg.com\/vi\/iWb1_RBllJE\/hqdefault.jpg');\">\n\t\t\t\t\t\t<a class=\"elementor-clickable uael-vg__play_full\" href=\"https:\/\/www.youtube.com\/embed\/iWb1_RBllJE?autoplay=1&amp;version=3&amp;enablejsapi=1\" data-fancybox=\"uael-video-gallery-72bade8\">\n\t\t\t\t\t\t\t<div class=\"uael-video__content-wrap\">\n\t\t\t\t\t\t\t\t<div class=\"uael-video__content\">\n\t\t\t\t\t\t\t\t\t\t\t\t\t\t\t\t\t\t<div class=\"uael-vg__play\">\n\t\t\t\t\t\t\t\t\t\t\t\t\t\t\t\t\t\t<span class=\"elementor-animation- uael-vg__play-icon\">\n\t\t\t\t\t\t<i aria-hidden=\"true\" class=\"far fa-play-circle\"><\/i>\t\t\t\t\t<\/span>\n\t\t\t\t\t\t\t\t\t\t\t\t\t\t\t\t\t\t<\/div>\n\n\t\t\t\t\t\t\t\t\t\n\t\t\t\t\t\t\t\t<\/div>\n\t\t\t\t\t\t\t<\/div>\n\t\t\t\t\t\t<\/a>\n\t\t\t\t\t<\/div>\n\t\t\t\t\t\t\t\t\t\t<div class=\"uael-vg__overlay\"><\/div>\n\t\t\t\t\t\t\t\t\t<\/div>\n\t\t\t\t\t\t\t\t<div class=\"uael-video__gallery-item\" id=\"uael-video__gallery-item10\">\n\n\t\t\t\t\t\t\t\t\t\t<div class=\"uael-video__gallery-iframe\" style=\"background-image:url('https:\/\/i.ytimg.com\/vi\/wHS05--7fMk\/hqdefault.jpg');\">\n\t\t\t\t\t\t<a class=\"elementor-clickable uael-vg__play_full\" href=\"https:\/\/www.youtube.com\/embed\/wHS05--7fMk?autoplay=1&amp;version=3&amp;enablejsapi=1\" data-fancybox=\"uael-video-gallery-72bade8\">\n\t\t\t\t\t\t\t<div class=\"uael-video__content-wrap\">\n\t\t\t\t\t\t\t\t<div class=\"uael-video__content\">\n\t\t\t\t\t\t\t\t\t\t\t\t\t\t\t\t\t\t<div class=\"uael-vg__play\">\n\t\t\t\t\t\t\t\t\t\t\t\t\t\t\t\t\t\t<span class=\"elementor-animation- uael-vg__play-icon\">\n\t\t\t\t\t\t<i aria-hidden=\"true\" class=\"far fa-play-circle\"><\/i>\t\t\t\t\t<\/span>\n\t\t\t\t\t\t\t\t\t\t\t\t\t\t\t\t\t\t<\/div>\n\n\t\t\t\t\t\t\t\t\t\n\t\t\t\t\t\t\t\t<\/div>\n\t\t\t\t\t\t\t<\/div>\n\t\t\t\t\t\t<\/a>\n\t\t\t\t\t<\/div>\n\t\t\t\t\t\t\t\t\t\t<div class=\"uael-vg__overlay\"><\/div>\n\t\t\t\t\t\t\t\t\t<\/div>\n\t\t\t\t\t\t\t\t<div class=\"uael-video__gallery-item\" id=\"uael-video__gallery-item11\">\n\n\t\t\t\t\t\t\t\t\t\t<div class=\"uael-video__gallery-iframe\" style=\"background-image:url('https:\/\/i.ytimg.com\/vi\/2r-pxYyUvoQ\/hqdefault.jpg');\">\n\t\t\t\t\t\t<a class=\"elementor-clickable uael-vg__play_full\" href=\"https:\/\/www.youtube.com\/embed\/2r-pxYyUvoQ?autoplay=1&amp;version=3&amp;enablejsapi=1\" data-fancybox=\"uael-video-gallery-72bade8\">\n\t\t\t\t\t\t\t<div class=\"uael-video__content-wrap\">\n\t\t\t\t\t\t\t\t<div class=\"uael-video__content\">\n\t\t\t\t\t\t\t\t\t\t\t\t\t\t\t\t\t\t<div class=\"uael-vg__play\">\n\t\t\t\t\t\t\t\t\t\t\t\t\t\t\t\t\t\t<span class=\"elementor-animation- uael-vg__play-icon\">\n\t\t\t\t\t\t<i aria-hidden=\"true\" class=\"far fa-play-circle\"><\/i>\t\t\t\t\t<\/span>\n\t\t\t\t\t\t\t\t\t\t\t\t\t\t\t\t\t\t<\/div>\n\n\t\t\t\t\t\t\t\t\t\n\t\t\t\t\t\t\t\t<\/div>\n\t\t\t\t\t\t\t<\/div>\n\t\t\t\t\t\t<\/a>\n\t\t\t\t\t<\/div>\n\t\t\t\t\t\t\t\t\t\t<div class=\"uael-vg__overlay\"><\/div>\n\t\t\t\t\t\t\t\t\t<\/div>\n\t\t\t\t<\/div>\t\t<script type=\"text\/javascript\">\n\t\t\tjQuery( document ).ready( function( $ ) {\n\n\t\t\t\t$( '.uael-video-gallery-wrap' ).each( function() {\n\n\t\t\t\t\tvar $node_id \t= '72bade8';\n\t\t\t\t\tvar\tscope \t\t= $( '[data-id=\"' + $node_id + '\"]' );\n\t\t\t\t\tvar selector \t= $(this);\n\n\t\t\t\t\tif ( selector.closest( scope ).length < 1 ) {\n\t\t\t\t\t\treturn;\n\t\t\t\t\t}\n\n\t\t\t\t\tif ( ! selector.hasClass( 'uael-video-gallery-filter' ) ) {\n\t\t\t\t\t\treturn;\n\t\t\t\t\t}\n\n\t\t\t\t\tvar filters = scope.find( '.uael-video__gallery-filters' );\n\t\t\t\t\tvar def_cat = '*';\n\n\t\t\t\t\tif ( filters.length > 0 ) {\n\n\t\t\t\t\t\tvar def_filter = filters.data( 'default' );\n\n\t\t\t\t\t\tif ( '' !== def_filter ) {\n\n\t\t\t\t\t\t\tdef_cat \t= def_filter;\n\t\t\t\t\t\t\tdef_cat_sel = filters.find( '[data-filter=\"' + def_filter + '\"]' );\n\n\t\t\t\t\t\t\tif ( def_cat_sel.length > 0 ) {\n\t\t\t\t\t\t\t\tdef_cat_sel.siblings().removeClass( 'uael-filter__current' );\n\t\t\t\t\t\t\t\tdef_cat_sel.addClass( 'uael-filter__current' );\n\t\t\t\t\t\t\t}\n\t\t\t\t\t\t}\n\t\t\t\t\t}\n\n\t\t\t\t\tvar $obj = {};\n\n\t\t\t\t\tselector.imagesLoaded( function( e ) {\n\n\t\t\t\t\t\t$obj = selector.isotope({\n\t\t\t\t\t\t\tfilter: def_cat,\n\t\t\t\t\t\t\tlayoutMode: 'masonry',\n\t\t\t\t\t\t\titemSelector: '.uael-video__gallery-item',\n\t\t\t\t\t\t});\n\n\t\t\t\t\t\tselector.find( '.uael-video__gallery-item' ).resize( function() {\n\t\t\t\t\t\t\t$obj.isotope( 'layout' );\n\t\t\t\t\t\t});\n\t\t\t\t\t});\n\n\t\t\t\t});\n\t\t\t});\n\t\t<\/script>\n\t\t\t\t\t\t<\/div>\n\t\t\t\t<\/div>\n\t\t\t\t\t<\/div>\n\t\t<\/div>\n\t\t\t\t\t<\/div>\n\t\t<\/section>\n\t\t\t\t<\/div>\n\t\t","protected":false},"excerpt":{"rendered":"<p>Vid\u00e9os<\/p>\n","protected":false},"author":1,"featured_media":0,"parent":0,"menu_order":0,"comment_status":"closed","ping_status":"closed","template":"elementor_header_footer","meta":{"footnotes":""},"class_list":["post-322","page","type-page","status-publish","hentry"],"yoast_head":"<!-- This site is optimized with the Yoast SEO plugin v27.3 - https:\/\/yoast.com\/product\/yoast-seo-wordpress\/ -->\n<title>Vid\u00e9o | Zourati\u00e9 Kon\u00e9<\/title>\n<meta name=\"robots\" content=\"index, follow, max-snippet:-1, max-image-preview:large, max-video-preview:-1\" \/>\n<link rel=\"canonical\" href=\"https:\/\/zouratiekone.com\/fr\/video\/\" \/>\n<meta property=\"og:locale\" content=\"fr_FR\" \/>\n<meta property=\"og:type\" content=\"article\" \/>\n<meta property=\"og:title\" content=\"Vid\u00e9o | Zourati\u00e9 Kon\u00e9\" \/>\n<meta property=\"og:description\" content=\"Vid\u00e9os\" \/>\n<meta property=\"og:url\" content=\"https:\/\/zouratiekone.com\/fr\/video\/\" \/>\n<meta property=\"og:site_name\" content=\"Zourati\u00e9 Kon\u00e9\" \/>\n<meta property=\"article:modified_time\" content=\"2021-03-25T14:53:37+00:00\" \/>\n<meta name=\"twitter:card\" content=\"summary_large_image\" \/>\n<script type=\"application\/ld+json\" class=\"yoast-schema-graph\">{\"@context\":\"https:\\\/\\\/schema.org\",\"@graph\":[{\"@type\":\"WebPage\",\"@id\":\"https:\\\/\\\/zouratiekone.com\\\/fr\\\/video\\\/\",\"url\":\"https:\\\/\\\/zouratiekone.com\\\/fr\\\/video\\\/\",\"name\":\"Vid\u00e9o | Zourati\u00e9 Kon\u00e9\",\"isPartOf\":{\"@id\":\"https:\\\/\\\/zouratiekone.com\\\/#website\"},\"datePublished\":\"2020-07-10T12:42:50+00:00\",\"dateModified\":\"2021-03-25T14:53:37+00:00\",\"breadcrumb\":{\"@id\":\"https:\\\/\\\/zouratiekone.com\\\/fr\\\/video\\\/#breadcrumb\"},\"inLanguage\":\"fr-FR\",\"potentialAction\":[{\"@type\":\"ReadAction\",\"target\":[\"https:\\\/\\\/zouratiekone.com\\\/fr\\\/video\\\/\"]}]},{\"@type\":\"BreadcrumbList\",\"@id\":\"https:\\\/\\\/zouratiekone.com\\\/fr\\\/video\\\/#breadcrumb\",\"itemListElement\":[{\"@type\":\"ListItem\",\"position\":1,\"name\":\"Home\",\"item\":\"https:\\\/\\\/zouratiekone.com\\\/fr\\\/\"},{\"@type\":\"ListItem\",\"position\":2,\"name\":\"Vid\u00e9o\"}]},{\"@type\":\"WebSite\",\"@id\":\"https:\\\/\\\/zouratiekone.com\\\/#website\",\"url\":\"https:\\\/\\\/zouratiekone.com\\\/\",\"name\":\"Zourati\u00e9 Kon\u00e9\",\"description\":\"Afro Jazz Mandingue\",\"publisher\":{\"@id\":\"https:\\\/\\\/zouratiekone.com\\\/#\\\/schema\\\/person\\\/9aeda503b418929bcf7366a3df35bca6\"},\"potentialAction\":[{\"@type\":\"SearchAction\",\"target\":{\"@type\":\"EntryPoint\",\"urlTemplate\":\"https:\\\/\\\/zouratiekone.com\\\/?s={search_term_string}\"},\"query-input\":{\"@type\":\"PropertyValueSpecification\",\"valueRequired\":true,\"valueName\":\"search_term_string\"}}],\"inLanguage\":\"fr-FR\"},{\"@type\":[\"Person\",\"Organization\"],\"@id\":\"https:\\\/\\\/zouratiekone.com\\\/#\\\/schema\\\/person\\\/9aeda503b418929bcf7366a3df35bca6\",\"name\":\"Zourati\u00e9 Kon\u00e9\",\"image\":{\"@type\":\"ImageObject\",\"inLanguage\":\"fr-FR\",\"@id\":\"https:\\\/\\\/zouratiekone.com\\\/wp-content\\\/uploads\\\/2020\\\/07\\\/Logo-ZKE-003.png\",\"url\":\"https:\\\/\\\/zouratiekone.com\\\/wp-content\\\/uploads\\\/2020\\\/07\\\/Logo-ZKE-003.png\",\"contentUrl\":\"https:\\\/\\\/zouratiekone.com\\\/wp-content\\\/uploads\\\/2020\\\/07\\\/Logo-ZKE-003.png\",\"width\":1000,\"height\":152,\"caption\":\"Zourati\u00e9 Kon\u00e9\"},\"logo\":{\"@id\":\"https:\\\/\\\/zouratiekone.com\\\/wp-content\\\/uploads\\\/2020\\\/07\\\/Logo-ZKE-003.png\"}}]}<\/script>\n<!-- \/ Yoast SEO plugin. -->","yoast_head_json":{"title":"Vid\u00e9o | Zourati\u00e9 Kon\u00e9","robots":{"index":"index","follow":"follow","max-snippet":"max-snippet:-1","max-image-preview":"max-image-preview:large","max-video-preview":"max-video-preview:-1"},"canonical":"https:\/\/zouratiekone.com\/fr\/video\/","og_locale":"fr_FR","og_type":"article","og_title":"Vid\u00e9o | Zourati\u00e9 Kon\u00e9","og_description":"Vid\u00e9os","og_url":"https:\/\/zouratiekone.com\/fr\/video\/","og_site_name":"Zourati\u00e9 Kon\u00e9","article_modified_time":"2021-03-25T14:53:37+00:00","twitter_card":"summary_large_image","schema":{"@context":"https:\/\/schema.org","@graph":[{"@type":"WebPage","@id":"https:\/\/zouratiekone.com\/fr\/video\/","url":"https:\/\/zouratiekone.com\/fr\/video\/","name":"Vid\u00e9o | Zourati\u00e9 Kon\u00e9","isPartOf":{"@id":"https:\/\/zouratiekone.com\/#website"},"datePublished":"2020-07-10T12:42:50+00:00","dateModified":"2021-03-25T14:53:37+00:00","breadcrumb":{"@id":"https:\/\/zouratiekone.com\/fr\/video\/#breadcrumb"},"inLanguage":"fr-FR","potentialAction":[{"@type":"ReadAction","target":["https:\/\/zouratiekone.com\/fr\/video\/"]}]},{"@type":"BreadcrumbList","@id":"https:\/\/zouratiekone.com\/fr\/video\/#breadcrumb","itemListElement":[{"@type":"ListItem","position":1,"name":"Home","item":"https:\/\/zouratiekone.com\/fr\/"},{"@type":"ListItem","position":2,"name":"Vid\u00e9o"}]},{"@type":"WebSite","@id":"https:\/\/zouratiekone.com\/#website","url":"https:\/\/zouratiekone.com\/","name":"Zourati\u00e9 Kon\u00e9","description":"Afro Jazz Mandingue","publisher":{"@id":"https:\/\/zouratiekone.com\/#\/schema\/person\/9aeda503b418929bcf7366a3df35bca6"},"potentialAction":[{"@type":"SearchAction","target":{"@type":"EntryPoint","urlTemplate":"https:\/\/zouratiekone.com\/?s={search_term_string}"},"query-input":{"@type":"PropertyValueSpecification","valueRequired":true,"valueName":"search_term_string"}}],"inLanguage":"fr-FR"},{"@type":["Person","Organization"],"@id":"https:\/\/zouratiekone.com\/#\/schema\/person\/9aeda503b418929bcf7366a3df35bca6","name":"Zourati\u00e9 Kon\u00e9","image":{"@type":"ImageObject","inLanguage":"fr-FR","@id":"https:\/\/zouratiekone.com\/wp-content\/uploads\/2020\/07\/Logo-ZKE-003.png","url":"https:\/\/zouratiekone.com\/wp-content\/uploads\/2020\/07\/Logo-ZKE-003.png","contentUrl":"https:\/\/zouratiekone.com\/wp-content\/uploads\/2020\/07\/Logo-ZKE-003.png","width":1000,"height":152,"caption":"Zourati\u00e9 Kon\u00e9"},"logo":{"@id":"https:\/\/zouratiekone.com\/wp-content\/uploads\/2020\/07\/Logo-ZKE-003.png"}}]}},"jetpack_sharing_enabled":true,"_links":{"self":[{"href":"https:\/\/zouratiekone.com\/fr\/wp-json\/wp\/v2\/pages\/322","targetHints":{"allow":["GET"]}}],"collection":[{"href":"https:\/\/zouratiekone.com\/fr\/wp-json\/wp\/v2\/pages"}],"about":[{"href":"https:\/\/zouratiekone.com\/fr\/wp-json\/wp\/v2\/types\/page"}],"author":[{"embeddable":true,"href":"https:\/\/zouratiekone.com\/fr\/wp-json\/wp\/v2\/users\/1"}],"replies":[{"embeddable":true,"href":"https:\/\/zouratiekone.com\/fr\/wp-json\/wp\/v2\/comments?post=322"}],"version-history":[{"count":0,"href":"https:\/\/zouratiekone.com\/fr\/wp-json\/wp\/v2\/pages\/322\/revisions"}],"wp:attachment":[{"href":"https:\/\/zouratiekone.com\/fr\/wp-json\/wp\/v2\/media?parent=322"}],"curies":[{"name":"wp","href":"https:\/\/api.w.org\/{rel}","templated":true}]}}