{"id":349,"date":"2020-06-04T11:14:23","date_gmt":"2020-06-04T11:14:23","guid":{"rendered":"http:\/\/zouratiekone.com\/contact\/"},"modified":"2023-07-30T07:24:25","modified_gmt":"2023-07-30T07:24:25","slug":"contact","status":"publish","type":"page","link":"https:\/\/zouratiekone.com\/fr\/contact\/","title":{"rendered":"Cordoonn\u00e9es"},"content":{"rendered":"\t\t<div data-elementor-type=\"wp-page\" data-elementor-id=\"349\" class=\"elementor elementor-349\" data-elementor-post-type=\"page\">\n\t\t\t\t\t\t<section class=\"elementor-section elementor-top-section elementor-element elementor-element-20f1d99 elementor-section-height-full elementor-section-boxed elementor-section-height-default elementor-section-items-middle\" data-id=\"20f1d99\" data-element_type=\"section\" data-e-type=\"section\" data-settings=\"{&quot;background_background&quot;:&quot;classic&quot;}\">\n\t\t\t\t\t\t<div class=\"elementor-container elementor-column-gap-default\">\n\t\t\t\t\t<div class=\"elementor-column elementor-col-100 elementor-top-column elementor-element elementor-element-72c7167\" data-id=\"72c7167\" data-element_type=\"column\" data-e-type=\"column\" data-settings=\"{&quot;background_background&quot;:&quot;classic&quot;}\">\n\t\t\t<div class=\"elementor-widget-wrap elementor-element-populated\">\n\t\t\t\t\t\t<div class=\"elementor-element elementor-element-1849b89 elementor-widget elementor-widget-heading\" data-id=\"1849b89\" data-element_type=\"widget\" data-e-type=\"widget\" data-widget_type=\"heading.default\">\n\t\t\t\t<div class=\"elementor-widget-container\">\n\t\t\t\t\t<h2 class=\"elementor-heading-title elementor-size-default\">Cordoonn\u00e9es<\/h2>\t\t\t\t<\/div>\n\t\t\t\t<\/div>\n\t\t\t\t<div class=\"elementor-element elementor-element-70e8163 elementor-widget elementor-widget-text-editor\" data-id=\"70e8163\" data-element_type=\"widget\" data-e-type=\"widget\" data-widget_type=\"text-editor.default\">\n\t\t\t\t<div class=\"elementor-widget-container\">\n\t\t\t\t\t\t\t\t\t<p><strong>Electro Mandingo Management<\/strong><br \/>\n<em>Ombretta Moschella<\/em><\/p>\n<p>Brussels (Belgium)<br \/>\n+32 472 51 04 21<br \/>\n<a href=\"mailto:zouratiekoneensemble@gmail.com\">electromandingorecords@gmail.com<\/a><\/p>\n\t\t\t\t\t\t\t\t<\/div>\n\t\t\t\t<\/div>\n\t\t\t\t\t<\/div>\n\t\t<\/div>\n\t\t\t\t\t<\/div>\n\t\t<\/section>\n\t\t\t\t<\/div>\n\t\t","protected":false},"excerpt":{"rendered":"<p>Cordoonn\u00e9es Electro Mandingo Management Ombretta Moschella Brussels (Belgium) +32 472 51 04 21 electromandingorecords@gmail.com<\/p>\n","protected":false},"author":1,"featured_media":0,"parent":0,"menu_order":0,"comment_status":"closed","ping_status":"open","template":"elementor_header_footer","meta":{"footnotes":""},"class_list":["post-349","page","type-page","status-publish","hentry"],"yoast_head":"<!-- This site is optimized with the Yoast SEO plugin v27.3 - https:\/\/yoast.com\/product\/yoast-seo-wordpress\/ -->\n<title>Cordoonn\u00e9es | Zourati\u00e9 Kon\u00e9<\/title>\n<meta name=\"robots\" content=\"index, follow, max-snippet:-1, max-image-preview:large, max-video-preview:-1\" \/>\n<link rel=\"canonical\" href=\"https:\/\/zouratiekone.com\/fr\/contact\/\" \/>\n<meta property=\"og:locale\" content=\"fr_FR\" \/>\n<meta property=\"og:type\" content=\"article\" \/>\n<meta property=\"og:title\" content=\"Cordoonn\u00e9es | Zourati\u00e9 Kon\u00e9\" \/>\n<meta property=\"og:description\" content=\"Cordoonn\u00e9es Electro Mandingo Management Ombretta Moschella Brussels (Belgium) +32 472 51 04 21 electromandingorecords@gmail.com\" \/>\n<meta property=\"og:url\" content=\"https:\/\/zouratiekone.com\/fr\/contact\/\" \/>\n<meta property=\"og:site_name\" content=\"Zourati\u00e9 Kon\u00e9\" \/>\n<meta property=\"article:modified_time\" content=\"2023-07-30T07:24:25+00:00\" \/>\n<meta name=\"twitter:card\" content=\"summary_large_image\" \/>\n<meta name=\"twitter:label1\" content=\"Dur\u00e9e de lecture estim\u00e9e\" \/>\n\t<meta name=\"twitter:data1\" content=\"1 minute\" \/>\n<script type=\"application\/ld+json\" class=\"yoast-schema-graph\">{\"@context\":\"https:\\\/\\\/schema.org\",\"@graph\":[{\"@type\":\"WebPage\",\"@id\":\"https:\\\/\\\/zouratiekone.com\\\/fr\\\/contact\\\/\",\"url\":\"https:\\\/\\\/zouratiekone.com\\\/fr\\\/contact\\\/\",\"name\":\"Cordoonn\u00e9es | Zourati\u00e9 Kon\u00e9\",\"isPartOf\":{\"@id\":\"https:\\\/\\\/zouratiekone.com\\\/#website\"},\"datePublished\":\"2020-06-04T11:14:23+00:00\",\"dateModified\":\"2023-07-30T07:24:25+00:00\",\"breadcrumb\":{\"@id\":\"https:\\\/\\\/zouratiekone.com\\\/fr\\\/contact\\\/#breadcrumb\"},\"inLanguage\":\"fr-FR\",\"potentialAction\":[{\"@type\":\"ReadAction\",\"target\":[\"https:\\\/\\\/zouratiekone.com\\\/fr\\\/contact\\\/\"]}]},{\"@type\":\"BreadcrumbList\",\"@id\":\"https:\\\/\\\/zouratiekone.com\\\/fr\\\/contact\\\/#breadcrumb\",\"itemListElement\":[{\"@type\":\"ListItem\",\"position\":1,\"name\":\"Home\",\"item\":\"https:\\\/\\\/zouratiekone.com\\\/fr\\\/\"},{\"@type\":\"ListItem\",\"position\":2,\"name\":\"Cordoonn\u00e9es\"}]},{\"@type\":\"WebSite\",\"@id\":\"https:\\\/\\\/zouratiekone.com\\\/#website\",\"url\":\"https:\\\/\\\/zouratiekone.com\\\/\",\"name\":\"Zourati\u00e9 Kon\u00e9\",\"description\":\"Afro Jazz Mandingue\",\"publisher\":{\"@id\":\"https:\\\/\\\/zouratiekone.com\\\/#\\\/schema\\\/person\\\/9aeda503b418929bcf7366a3df35bca6\"},\"potentialAction\":[{\"@type\":\"SearchAction\",\"target\":{\"@type\":\"EntryPoint\",\"urlTemplate\":\"https:\\\/\\\/zouratiekone.com\\\/?s={search_term_string}\"},\"query-input\":{\"@type\":\"PropertyValueSpecification\",\"valueRequired\":true,\"valueName\":\"search_term_string\"}}],\"inLanguage\":\"fr-FR\"},{\"@type\":[\"Person\",\"Organization\"],\"@id\":\"https:\\\/\\\/zouratiekone.com\\\/#\\\/schema\\\/person\\\/9aeda503b418929bcf7366a3df35bca6\",\"name\":\"Zourati\u00e9 Kon\u00e9\",\"image\":{\"@type\":\"ImageObject\",\"inLanguage\":\"fr-FR\",\"@id\":\"https:\\\/\\\/zouratiekone.com\\\/wp-content\\\/uploads\\\/2020\\\/07\\\/Logo-ZKE-003.png\",\"url\":\"https:\\\/\\\/zouratiekone.com\\\/wp-content\\\/uploads\\\/2020\\\/07\\\/Logo-ZKE-003.png\",\"contentUrl\":\"https:\\\/\\\/zouratiekone.com\\\/wp-content\\\/uploads\\\/2020\\\/07\\\/Logo-ZKE-003.png\",\"width\":1000,\"height\":152,\"caption\":\"Zourati\u00e9 Kon\u00e9\"},\"logo\":{\"@id\":\"https:\\\/\\\/zouratiekone.com\\\/wp-content\\\/uploads\\\/2020\\\/07\\\/Logo-ZKE-003.png\"}}]}<\/script>\n<!-- \/ Yoast SEO plugin. -->","yoast_head_json":{"title":"Cordoonn\u00e9es | Zourati\u00e9 Kon\u00e9","robots":{"index":"index","follow":"follow","max-snippet":"max-snippet:-1","max-image-preview":"max-image-preview:large","max-video-preview":"max-video-preview:-1"},"canonical":"https:\/\/zouratiekone.com\/fr\/contact\/","og_locale":"fr_FR","og_type":"article","og_title":"Cordoonn\u00e9es | Zourati\u00e9 Kon\u00e9","og_description":"Cordoonn\u00e9es Electro Mandingo Management Ombretta Moschella Brussels (Belgium) +32 472 51 04 21 electromandingorecords@gmail.com","og_url":"https:\/\/zouratiekone.com\/fr\/contact\/","og_site_name":"Zourati\u00e9 Kon\u00e9","article_modified_time":"2023-07-30T07:24:25+00:00","twitter_card":"summary_large_image","twitter_misc":{"Dur\u00e9e de lecture estim\u00e9e":"1 minute"},"schema":{"@context":"https:\/\/schema.org","@graph":[{"@type":"WebPage","@id":"https:\/\/zouratiekone.com\/fr\/contact\/","url":"https:\/\/zouratiekone.com\/fr\/contact\/","name":"Cordoonn\u00e9es | Zourati\u00e9 Kon\u00e9","isPartOf":{"@id":"https:\/\/zouratiekone.com\/#website"},"datePublished":"2020-06-04T11:14:23+00:00","dateModified":"2023-07-30T07:24:25+00:00","breadcrumb":{"@id":"https:\/\/zouratiekone.com\/fr\/contact\/#breadcrumb"},"inLanguage":"fr-FR","potentialAction":[{"@type":"ReadAction","target":["https:\/\/zouratiekone.com\/fr\/contact\/"]}]},{"@type":"BreadcrumbList","@id":"https:\/\/zouratiekone.com\/fr\/contact\/#breadcrumb","itemListElement":[{"@type":"ListItem","position":1,"name":"Home","item":"https:\/\/zouratiekone.com\/fr\/"},{"@type":"ListItem","position":2,"name":"Cordoonn\u00e9es"}]},{"@type":"WebSite","@id":"https:\/\/zouratiekone.com\/#website","url":"https:\/\/zouratiekone.com\/","name":"Zourati\u00e9 Kon\u00e9","description":"Afro Jazz Mandingue","publisher":{"@id":"https:\/\/zouratiekone.com\/#\/schema\/person\/9aeda503b418929bcf7366a3df35bca6"},"potentialAction":[{"@type":"SearchAction","target":{"@type":"EntryPoint","urlTemplate":"https:\/\/zouratiekone.com\/?s={search_term_string}"},"query-input":{"@type":"PropertyValueSpecification","valueRequired":true,"valueName":"search_term_string"}}],"inLanguage":"fr-FR"},{"@type":["Person","Organization"],"@id":"https:\/\/zouratiekone.com\/#\/schema\/person\/9aeda503b418929bcf7366a3df35bca6","name":"Zourati\u00e9 Kon\u00e9","image":{"@type":"ImageObject","inLanguage":"fr-FR","@id":"https:\/\/zouratiekone.com\/wp-content\/uploads\/2020\/07\/Logo-ZKE-003.png","url":"https:\/\/zouratiekone.com\/wp-content\/uploads\/2020\/07\/Logo-ZKE-003.png","contentUrl":"https:\/\/zouratiekone.com\/wp-content\/uploads\/2020\/07\/Logo-ZKE-003.png","width":1000,"height":152,"caption":"Zourati\u00e9 Kon\u00e9"},"logo":{"@id":"https:\/\/zouratiekone.com\/wp-content\/uploads\/2020\/07\/Logo-ZKE-003.png"}}]}},"jetpack_sharing_enabled":true,"_links":{"self":[{"href":"https:\/\/zouratiekone.com\/fr\/wp-json\/wp\/v2\/pages\/349","targetHints":{"allow":["GET"]}}],"collection":[{"href":"https:\/\/zouratiekone.com\/fr\/wp-json\/wp\/v2\/pages"}],"about":[{"href":"https:\/\/zouratiekone.com\/fr\/wp-json\/wp\/v2\/types\/page"}],"author":[{"embeddable":true,"href":"https:\/\/zouratiekone.com\/fr\/wp-json\/wp\/v2\/users\/1"}],"replies":[{"embeddable":true,"href":"https:\/\/zouratiekone.com\/fr\/wp-json\/wp\/v2\/comments?post=349"}],"version-history":[{"count":4,"href":"https:\/\/zouratiekone.com\/fr\/wp-json\/wp\/v2\/pages\/349\/revisions"}],"predecessor-version":[{"id":1396,"href":"https:\/\/zouratiekone.com\/fr\/wp-json\/wp\/v2\/pages\/349\/revisions\/1396"}],"wp:attachment":[{"href":"https:\/\/zouratiekone.com\/fr\/wp-json\/wp\/v2\/media?parent=349"}],"curies":[{"name":"wp","href":"https:\/\/api.w.org\/{rel}","templated":true}]}}