{"id":45,"date":"2020-06-04T21:02:57","date_gmt":"2020-06-04T21:02:57","guid":{"rendered":"http:\/\/zouratiekone.com\/?page_id=45"},"modified":"2023-06-07T21:38:01","modified_gmt":"2023-06-07T21:38:01","slug":"home","status":"publish","type":"page","link":"https:\/\/zouratiekone.com\/fr\/","title":{"rendered":"Accueil"},"content":{"rendered":"\t\t<div data-elementor-type=\"wp-page\" data-elementor-id=\"45\" class=\"elementor elementor-45\" data-elementor-post-type=\"page\">\n\t\t\t\t\t\t<section class=\"elementor-section elementor-top-section elementor-element elementor-element-71ac468 elementor-section-height-full elementor-section-boxed elementor-section-height-default elementor-section-items-middle\" data-id=\"71ac468\" data-element_type=\"section\" data-e-type=\"section\" data-settings=\"{&quot;background_background&quot;:&quot;video&quot;,&quot;background_video_link&quot;:&quot;https:\\\/\\\/www.youtube.com\\\/watch?v=90YtSzcJ6nk&quot;,&quot;background_video_start&quot;:18,&quot;background_video_end&quot;:40,&quot;background_play_on_mobile&quot;:&quot;yes&quot;}\">\n\t\t\t\t\t\t\t\t<div class=\"elementor-background-video-container\">\n\t\t\t\t\t\t\t\t\t\t\t\t\t<div class=\"elementor-background-video-embed\" role=\"presentation\"><\/div>\n\t\t\t\t\t\t\t\t\t\t\t\t<\/div>\n\t\t\t\t\t\t\t\t<div class=\"elementor-container elementor-column-gap-default\">\n\t\t\t\t\t<div class=\"elementor-column elementor-col-100 elementor-top-column elementor-element elementor-element-e046529\" data-id=\"e046529\" data-element_type=\"column\" data-e-type=\"column\">\n\t\t\t<div class=\"elementor-widget-wrap elementor-element-populated\">\n\t\t\t\t\t\t<div class=\"elementor-element elementor-element-631f396 animated-slow elementor-invisible elementor-widget elementor-widget-heading\" data-id=\"631f396\" data-element_type=\"widget\" data-e-type=\"widget\" data-settings=\"{&quot;_animation&quot;:&quot;fadeIn&quot;,&quot;_animation_delay&quot;:5000}\" data-widget_type=\"heading.default\">\n\t\t\t\t<div class=\"elementor-widget-container\">\n\t\t\t\t\t<h3 class=\"elementor-heading-title elementor-size-default\">Zourati\u00e9 Kon\u00e9<\/h3>\t\t\t\t<\/div>\n\t\t\t\t<\/div>\n\t\t\t\t<div class=\"elementor-element elementor-element-ba05da6 animated-slow elementor-invisible elementor-widget elementor-widget-heading\" data-id=\"ba05da6\" data-element_type=\"widget\" data-e-type=\"widget\" data-settings=\"{&quot;_animation&quot;:&quot;fadeIn&quot;,&quot;_animation_delay&quot;:6000}\" data-widget_type=\"heading.default\">\n\t\t\t\t<div class=\"elementor-widget-container\">\n\t\t\t\t\t<h2 class=\"elementor-heading-title elementor-size-default\"><br>Electro Mandingue<\/h2>\t\t\t\t<\/div>\n\t\t\t\t<\/div>\n\t\t\t\t<div class=\"elementor-element elementor-element-81036a7 animated-slow elementor-view-default elementor-invisible elementor-widget elementor-widget-icon\" data-id=\"81036a7\" data-element_type=\"widget\" data-e-type=\"widget\" data-settings=\"{&quot;_animation&quot;:&quot;fadeIn&quot;,&quot;_animation_delay&quot;:6500}\" data-widget_type=\"icon.default\">\n\t\t\t\t<div class=\"elementor-widget-container\">\n\t\t\t\t\t\t\t<div class=\"elementor-icon-wrapper\">\n\t\t\t<a class=\"elementor-icon\" href=\"#start\">\n\t\t\t<i aria-hidden=\"true\" class=\"fas fa-chevron-down\"><\/i>\t\t\t<\/a>\n\t\t<\/div>\n\t\t\t\t\t\t<\/div>\n\t\t\t\t<\/div>\n\t\t\t\t\t<\/div>\n\t\t<\/div>\n\t\t\t\t\t<\/div>\n\t\t<\/section>\n\t\t\t\t<section class=\"elementor-section elementor-top-section elementor-element elementor-element-4594704 elementor-section-full_width elementor-section-height-default elementor-section-height-default\" data-id=\"4594704\" data-element_type=\"section\" data-e-type=\"section\">\n\t\t\t\t\t\t<div class=\"elementor-container elementor-column-gap-default\">\n\t\t\t\t\t<div class=\"elementor-column elementor-col-100 elementor-top-column elementor-element elementor-element-e6e5253\" data-id=\"e6e5253\" data-element_type=\"column\" data-e-type=\"column\">\n\t\t\t<div class=\"elementor-widget-wrap elementor-element-populated\">\n\t\t\t\t\t\t<div class=\"elementor-element elementor-element-ebba169 elementor-widget elementor-widget-menu-anchor\" data-id=\"ebba169\" data-element_type=\"widget\" data-e-type=\"widget\" data-widget_type=\"menu-anchor.default\">\n\t\t\t\t<div class=\"elementor-widget-container\">\n\t\t\t\t\t\t\t<div class=\"elementor-menu-anchor\" id=\"start\"><\/div>\n\t\t\t\t\t\t<\/div>\n\t\t\t\t<\/div>\n\t\t\t\t\t<\/div>\n\t\t<\/div>\n\t\t\t\t\t<\/div>\n\t\t<\/section>\n\t\t\t\t<section class=\"elementor-section elementor-top-section elementor-element elementor-element-8504efb elementor-section-full_width elementor-section-height-default elementor-section-height-default\" data-id=\"8504efb\" data-element_type=\"section\" data-e-type=\"section\" data-settings=\"{&quot;background_background&quot;:&quot;classic&quot;}\">\n\t\t\t\t\t\t<div class=\"elementor-container elementor-column-gap-wider\">\n\t\t\t\t\t<div class=\"elementor-column elementor-col-25 elementor-top-column elementor-element elementor-element-d1eab8b\" data-id=\"d1eab8b\" data-element_type=\"column\" data-e-type=\"column\">\n\t\t\t<div class=\"elementor-widget-wrap elementor-element-populated\">\n\t\t\t\t\t\t<div class=\"elementor-element elementor-element-fcec8ee elementor-position-top elementor-widget elementor-widget-image-box\" data-id=\"fcec8ee\" data-element_type=\"widget\" data-e-type=\"widget\" data-widget_type=\"image-box.default\">\n\t\t\t\t<div class=\"elementor-widget-container\">\n\t\t\t\t\t<div class=\"elementor-image-box-wrapper\"><figure class=\"elementor-image-box-img\"><a href=\"http:\/\/zouratiekone.com\/fr\/la-musique\/\" tabindex=\"-1\"><img loading=\"lazy\" decoding=\"async\" loading=\"lazy\" width=\"1000\" height=\"667\" src=\"https:\/\/zouratiekone.com\/wp-content\/uploads\/2020\/07\/columban-9-003-1000x667.jpg\" class=\"attachment-medium size-medium wp-image-91\" alt=\"\" srcset=\"https:\/\/zouratiekone.com\/wp-content\/uploads\/2020\/07\/columban-9-003-1000x667.jpg 1000w, https:\/\/zouratiekone.com\/wp-content\/uploads\/2020\/07\/columban-9-003-500x333.jpg 500w, https:\/\/zouratiekone.com\/wp-content\/uploads\/2020\/07\/columban-9-003-768x512.jpg 768w, https:\/\/zouratiekone.com\/wp-content\/uploads\/2020\/07\/columban-9-003.jpg 1500w\" sizes=\"auto, (max-width: 1000px) 100vw, 1000px\" \/><noscript><img fetchpriority=\"high\" decoding=\"async\" width=\"1000\" height=\"667\" src=\"https:\/\/zouratiekone.com\/wp-content\/uploads\/2020\/07\/columban-9-003-1000x667.jpg\" class=\"attachment-medium size-medium wp-image-91\" alt=\"\" srcset=\"https:\/\/zouratiekone.com\/wp-content\/uploads\/2020\/07\/columban-9-003-1000x667.jpg 1000w, https:\/\/zouratiekone.com\/wp-content\/uploads\/2020\/07\/columban-9-003-500x333.jpg 500w, https:\/\/zouratiekone.com\/wp-content\/uploads\/2020\/07\/columban-9-003-768x512.jpg 768w, https:\/\/zouratiekone.com\/wp-content\/uploads\/2020\/07\/columban-9-003.jpg 1500w\" sizes=\"(max-width: 1000px) 100vw, 1000px\" \/><\/noscript><\/a><\/figure><div class=\"elementor-image-box-content\"><h3 class=\"elementor-image-box-title\"><a href=\"http:\/\/zouratiekone.com\/fr\/la-musique\/\">La musique<\/a><\/h3><\/div><\/div>\t\t\t\t<\/div>\n\t\t\t\t<\/div>\n\t\t\t\t\t<\/div>\n\t\t<\/div>\n\t\t\t\t<div class=\"elementor-column elementor-col-25 elementor-top-column elementor-element elementor-element-063936a\" data-id=\"063936a\" data-element_type=\"column\" data-e-type=\"column\">\n\t\t\t<div class=\"elementor-widget-wrap elementor-element-populated\">\n\t\t\t\t\t\t<div class=\"elementor-element elementor-element-39eb677 elementor-position-top elementor-widget elementor-widget-image-box\" data-id=\"39eb677\" data-element_type=\"widget\" data-e-type=\"widget\" data-widget_type=\"image-box.default\">\n\t\t\t\t<div class=\"elementor-widget-container\">\n\t\t\t\t\t<div class=\"elementor-image-box-wrapper\"><figure class=\"elementor-image-box-img\"><a href=\"http:\/\/zouratiekone.com\/fr\/projets\/\" tabindex=\"-1\"><img loading=\"lazy\" decoding=\"async\" loading=\"lazy\" width=\"1000\" height=\"667\" src=\"https:\/\/zouratiekone.com\/wp-content\/uploads\/2020\/07\/Tournage-11-014-1000x667.jpg\" class=\"attachment-medium size-medium wp-image-119\" alt=\"\" srcset=\"https:\/\/zouratiekone.com\/wp-content\/uploads\/2020\/07\/Tournage-11-014-1000x667.jpg 1000w, https:\/\/zouratiekone.com\/wp-content\/uploads\/2020\/07\/Tournage-11-014-500x333.jpg 500w, https:\/\/zouratiekone.com\/wp-content\/uploads\/2020\/07\/Tournage-11-014-768x512.jpg 768w, https:\/\/zouratiekone.com\/wp-content\/uploads\/2020\/07\/Tournage-11-014.jpg 1500w\" sizes=\"auto, (max-width: 1000px) 100vw, 1000px\" \/><noscript><img decoding=\"async\" width=\"1000\" height=\"667\" src=\"https:\/\/zouratiekone.com\/wp-content\/uploads\/2020\/07\/Tournage-11-014-1000x667.jpg\" class=\"attachment-medium size-medium wp-image-119\" alt=\"\" srcset=\"https:\/\/zouratiekone.com\/wp-content\/uploads\/2020\/07\/Tournage-11-014-1000x667.jpg 1000w, https:\/\/zouratiekone.com\/wp-content\/uploads\/2020\/07\/Tournage-11-014-500x333.jpg 500w, https:\/\/zouratiekone.com\/wp-content\/uploads\/2020\/07\/Tournage-11-014-768x512.jpg 768w, https:\/\/zouratiekone.com\/wp-content\/uploads\/2020\/07\/Tournage-11-014.jpg 1500w\" sizes=\"(max-width: 1000px) 100vw, 1000px\" \/><\/noscript><\/a><\/figure><div class=\"elementor-image-box-content\"><h3 class=\"elementor-image-box-title\"><a href=\"http:\/\/zouratiekone.com\/fr\/projets\/\">Projets<\/a><\/h3><\/div><\/div>\t\t\t\t<\/div>\n\t\t\t\t<\/div>\n\t\t\t\t\t<\/div>\n\t\t<\/div>\n\t\t\t\t<div class=\"elementor-column elementor-col-25 elementor-top-column elementor-element elementor-element-9e80782\" data-id=\"9e80782\" data-element_type=\"column\" data-e-type=\"column\">\n\t\t\t<div class=\"elementor-widget-wrap elementor-element-populated\">\n\t\t\t\t\t\t<div class=\"elementor-element elementor-element-f5fbe2a elementor-position-top elementor-widget elementor-widget-image-box\" data-id=\"f5fbe2a\" data-element_type=\"widget\" data-e-type=\"widget\" data-widget_type=\"image-box.default\">\n\t\t\t\t<div class=\"elementor-widget-container\">\n\t\t\t\t\t<div class=\"elementor-image-box-wrapper\"><figure class=\"elementor-image-box-img\"><a href=\"http:\/\/zouratiekone.com\/fr\/video\/\" tabindex=\"-1\"><img loading=\"lazy\" decoding=\"async\" loading=\"lazy\" width=\"1000\" height=\"667\" src=\"https:\/\/zouratiekone.com\/wp-content\/uploads\/2020\/07\/Muziek-Publik-4-003-1000x667.jpg\" class=\"attachment-medium size-medium wp-image-97\" alt=\"\" srcset=\"https:\/\/zouratiekone.com\/wp-content\/uploads\/2020\/07\/Muziek-Publik-4-003-1000x667.jpg 1000w, https:\/\/zouratiekone.com\/wp-content\/uploads\/2020\/07\/Muziek-Publik-4-003-500x333.jpg 500w, https:\/\/zouratiekone.com\/wp-content\/uploads\/2020\/07\/Muziek-Publik-4-003-768x512.jpg 768w, https:\/\/zouratiekone.com\/wp-content\/uploads\/2020\/07\/Muziek-Publik-4-003.jpg 1500w\" sizes=\"auto, (max-width: 1000px) 100vw, 1000px\" \/><noscript><img decoding=\"async\" width=\"1000\" height=\"667\" src=\"https:\/\/zouratiekone.com\/wp-content\/uploads\/2020\/07\/Muziek-Publik-4-003-1000x667.jpg\" class=\"attachment-medium size-medium wp-image-97\" alt=\"\" srcset=\"https:\/\/zouratiekone.com\/wp-content\/uploads\/2020\/07\/Muziek-Publik-4-003-1000x667.jpg 1000w, https:\/\/zouratiekone.com\/wp-content\/uploads\/2020\/07\/Muziek-Publik-4-003-500x333.jpg 500w, https:\/\/zouratiekone.com\/wp-content\/uploads\/2020\/07\/Muziek-Publik-4-003-768x512.jpg 768w, https:\/\/zouratiekone.com\/wp-content\/uploads\/2020\/07\/Muziek-Publik-4-003.jpg 1500w\" sizes=\"(max-width: 1000px) 100vw, 1000px\" \/><\/noscript><\/a><\/figure><div class=\"elementor-image-box-content\"><h3 class=\"elementor-image-box-title\"><a href=\"http:\/\/zouratiekone.com\/fr\/video\/\">Vid\u00e9os<\/a><\/h3><\/div><\/div>\t\t\t\t<\/div>\n\t\t\t\t<\/div>\n\t\t\t\t\t<\/div>\n\t\t<\/div>\n\t\t\t\t<div class=\"elementor-column elementor-col-25 elementor-top-column elementor-element elementor-element-63cdc36\" data-id=\"63cdc36\" data-element_type=\"column\" data-e-type=\"column\">\n\t\t\t<div class=\"elementor-widget-wrap elementor-element-populated\">\n\t\t\t\t\t\t<div class=\"elementor-element elementor-element-55f3f89 elementor-position-top elementor-widget elementor-widget-image-box\" data-id=\"55f3f89\" data-element_type=\"widget\" data-e-type=\"widget\" data-widget_type=\"image-box.default\">\n\t\t\t\t<div class=\"elementor-widget-container\">\n\t\t\t\t\t<div class=\"elementor-image-box-wrapper\"><figure class=\"elementor-image-box-img\"><a href=\"\/?page_id=201\" tabindex=\"-1\"><img loading=\"lazy\" decoding=\"async\" loading=\"lazy\" width=\"1000\" height=\"667\" src=\"https:\/\/zouratiekone.com\/wp-content\/uploads\/2020\/07\/Tournage-4-008-1000x667.jpg\" class=\"attachment-medium size-medium wp-image-107\" alt=\"\" srcset=\"https:\/\/zouratiekone.com\/wp-content\/uploads\/2020\/07\/Tournage-4-008-1000x667.jpg 1000w, https:\/\/zouratiekone.com\/wp-content\/uploads\/2020\/07\/Tournage-4-008-500x333.jpg 500w, https:\/\/zouratiekone.com\/wp-content\/uploads\/2020\/07\/Tournage-4-008-768x512.jpg 768w, https:\/\/zouratiekone.com\/wp-content\/uploads\/2020\/07\/Tournage-4-008.jpg 1500w\" sizes=\"auto, (max-width: 1000px) 100vw, 1000px\" \/><noscript><img loading=\"lazy\" decoding=\"async\" width=\"1000\" height=\"667\" src=\"https:\/\/zouratiekone.com\/wp-content\/uploads\/2020\/07\/Tournage-4-008-1000x667.jpg\" class=\"attachment-medium size-medium wp-image-107\" alt=\"\" srcset=\"https:\/\/zouratiekone.com\/wp-content\/uploads\/2020\/07\/Tournage-4-008-1000x667.jpg 1000w, https:\/\/zouratiekone.com\/wp-content\/uploads\/2020\/07\/Tournage-4-008-500x333.jpg 500w, https:\/\/zouratiekone.com\/wp-content\/uploads\/2020\/07\/Tournage-4-008-768x512.jpg 768w, https:\/\/zouratiekone.com\/wp-content\/uploads\/2020\/07\/Tournage-4-008.jpg 1500w\" sizes=\"(max-width: 1000px) 100vw, 1000px\" \/><\/noscript><\/a><\/figure><div class=\"elementor-image-box-content\"><h3 class=\"elementor-image-box-title\"><a href=\"\/?page_id=201\">Blog<\/a><\/h3><\/div><\/div>\t\t\t\t<\/div>\n\t\t\t\t<\/div>\n\t\t\t\t\t<\/div>\n\t\t<\/div>\n\t\t\t\t\t<\/div>\n\t\t<\/section>\n\t\t\t\t<\/div>\n\t\t","protected":false},"excerpt":{"rendered":"<p>Zourati\u00e9 Kon\u00e9 Electro Mandingue \u00a0 La musique Projets Vid\u00e9os Blog<\/p>\n","protected":false},"author":1,"featured_media":0,"parent":0,"menu_order":0,"comment_status":"closed","ping_status":"closed","template":"elementor_header_footer","meta":{"footnotes":""},"class_list":["post-45","page","type-page","status-publish","hentry"],"yoast_head":"<!-- This site is optimized with the Yoast SEO plugin v27.3 - https:\/\/yoast.com\/product\/yoast-seo-wordpress\/ -->\n<title>Accueil | Zourati\u00e9 Kon\u00e9<\/title>\n<meta name=\"robots\" content=\"index, follow, max-snippet:-1, max-image-preview:large, max-video-preview:-1\" \/>\n<link rel=\"canonical\" href=\"https:\/\/zouratiekone.com\/fr\/\" \/>\n<meta property=\"og:locale\" content=\"fr_FR\" \/>\n<meta property=\"og:type\" content=\"article\" \/>\n<meta property=\"og:title\" content=\"Accueil | Zourati\u00e9 Kon\u00e9\" \/>\n<meta property=\"og:description\" content=\"Zourati\u00e9 Kon\u00e9 Electro Mandingue \u00a0 La musique Projets Vid\u00e9os Blog\" \/>\n<meta property=\"og:url\" content=\"https:\/\/zouratiekone.com\/fr\/\" \/>\n<meta property=\"og:site_name\" content=\"Zourati\u00e9 Kon\u00e9\" \/>\n<meta property=\"article:modified_time\" content=\"2023-06-07T21:38:01+00:00\" \/>\n<meta property=\"og:image\" content=\"http:\/\/zouratiekone.com\/wp-content\/uploads\/2020\/07\/columban-9-003-1000x667.jpg\" \/>\n<meta name=\"twitter:card\" content=\"summary_large_image\" \/>\n<meta name=\"twitter:label1\" content=\"Dur\u00e9e de lecture estim\u00e9e\" \/>\n\t<meta name=\"twitter:data1\" content=\"1 minute\" \/>\n<script type=\"application\/ld+json\" class=\"yoast-schema-graph\">{\"@context\":\"https:\\\/\\\/schema.org\",\"@graph\":[{\"@type\":\"WebPage\",\"@id\":\"https:\\\/\\\/zouratiekone.com\\\/fr\\\/\",\"url\":\"https:\\\/\\\/zouratiekone.com\\\/fr\\\/\",\"name\":\"Accueil | Zourati\u00e9 Kon\u00e9\",\"isPartOf\":{\"@id\":\"https:\\\/\\\/zouratiekone.com\\\/#website\"},\"primaryImageOfPage\":{\"@id\":\"https:\\\/\\\/zouratiekone.com\\\/fr\\\/#primaryimage\"},\"image\":{\"@id\":\"https:\\\/\\\/zouratiekone.com\\\/fr\\\/#primaryimage\"},\"thumbnailUrl\":\"http:\\\/\\\/zouratiekone.com\\\/wp-content\\\/uploads\\\/2020\\\/07\\\/columban-9-003-1000x667.jpg\",\"datePublished\":\"2020-06-04T21:02:57+00:00\",\"dateModified\":\"2023-06-07T21:38:01+00:00\",\"breadcrumb\":{\"@id\":\"https:\\\/\\\/zouratiekone.com\\\/fr\\\/#breadcrumb\"},\"inLanguage\":\"fr-FR\",\"potentialAction\":[{\"@type\":\"ReadAction\",\"target\":[\"https:\\\/\\\/zouratiekone.com\\\/fr\\\/\"]}]},{\"@type\":\"ImageObject\",\"inLanguage\":\"fr-FR\",\"@id\":\"https:\\\/\\\/zouratiekone.com\\\/fr\\\/#primaryimage\",\"url\":\"http:\\\/\\\/zouratiekone.com\\\/wp-content\\\/uploads\\\/2020\\\/07\\\/columban-9-003-1000x667.jpg\",\"contentUrl\":\"http:\\\/\\\/zouratiekone.com\\\/wp-content\\\/uploads\\\/2020\\\/07\\\/columban-9-003-1000x667.jpg\"},{\"@type\":\"BreadcrumbList\",\"@id\":\"https:\\\/\\\/zouratiekone.com\\\/fr\\\/#breadcrumb\",\"itemListElement\":[{\"@type\":\"ListItem\",\"position\":1,\"name\":\"Home\",\"item\":\"https:\\\/\\\/zouratiekone.com\\\/fr\\\/\"},{\"@type\":\"ListItem\",\"position\":2,\"name\":\"Accueil\"}]},{\"@type\":\"WebSite\",\"@id\":\"https:\\\/\\\/zouratiekone.com\\\/#website\",\"url\":\"https:\\\/\\\/zouratiekone.com\\\/\",\"name\":\"Zourati\u00e9 Kon\u00e9\",\"description\":\"Afro Jazz Mandingue\",\"publisher\":{\"@id\":\"https:\\\/\\\/zouratiekone.com\\\/#\\\/schema\\\/person\\\/9aeda503b418929bcf7366a3df35bca6\"},\"potentialAction\":[{\"@type\":\"SearchAction\",\"target\":{\"@type\":\"EntryPoint\",\"urlTemplate\":\"https:\\\/\\\/zouratiekone.com\\\/?s={search_term_string}\"},\"query-input\":{\"@type\":\"PropertyValueSpecification\",\"valueRequired\":true,\"valueName\":\"search_term_string\"}}],\"inLanguage\":\"fr-FR\"},{\"@type\":[\"Person\",\"Organization\"],\"@id\":\"https:\\\/\\\/zouratiekone.com\\\/#\\\/schema\\\/person\\\/9aeda503b418929bcf7366a3df35bca6\",\"name\":\"Zourati\u00e9 Kon\u00e9\",\"image\":{\"@type\":\"ImageObject\",\"inLanguage\":\"fr-FR\",\"@id\":\"https:\\\/\\\/zouratiekone.com\\\/wp-content\\\/uploads\\\/2020\\\/07\\\/Logo-ZKE-003.png\",\"url\":\"https:\\\/\\\/zouratiekone.com\\\/wp-content\\\/uploads\\\/2020\\\/07\\\/Logo-ZKE-003.png\",\"contentUrl\":\"https:\\\/\\\/zouratiekone.com\\\/wp-content\\\/uploads\\\/2020\\\/07\\\/Logo-ZKE-003.png\",\"width\":1000,\"height\":152,\"caption\":\"Zourati\u00e9 Kon\u00e9\"},\"logo\":{\"@id\":\"https:\\\/\\\/zouratiekone.com\\\/wp-content\\\/uploads\\\/2020\\\/07\\\/Logo-ZKE-003.png\"}}]}<\/script>\n<!-- \/ Yoast SEO plugin. -->","yoast_head_json":{"title":"Accueil | Zourati\u00e9 Kon\u00e9","robots":{"index":"index","follow":"follow","max-snippet":"max-snippet:-1","max-image-preview":"max-image-preview:large","max-video-preview":"max-video-preview:-1"},"canonical":"https:\/\/zouratiekone.com\/fr\/","og_locale":"fr_FR","og_type":"article","og_title":"Accueil | Zourati\u00e9 Kon\u00e9","og_description":"Zourati\u00e9 Kon\u00e9 Electro Mandingue \u00a0 La musique Projets Vid\u00e9os Blog","og_url":"https:\/\/zouratiekone.com\/fr\/","og_site_name":"Zourati\u00e9 Kon\u00e9","article_modified_time":"2023-06-07T21:38:01+00:00","og_image":[{"url":"http:\/\/zouratiekone.com\/wp-content\/uploads\/2020\/07\/columban-9-003-1000x667.jpg","type":"","width":"","height":""}],"twitter_card":"summary_large_image","twitter_misc":{"Dur\u00e9e de lecture estim\u00e9e":"1 minute"},"schema":{"@context":"https:\/\/schema.org","@graph":[{"@type":"WebPage","@id":"https:\/\/zouratiekone.com\/fr\/","url":"https:\/\/zouratiekone.com\/fr\/","name":"Accueil | Zourati\u00e9 Kon\u00e9","isPartOf":{"@id":"https:\/\/zouratiekone.com\/#website"},"primaryImageOfPage":{"@id":"https:\/\/zouratiekone.com\/fr\/#primaryimage"},"image":{"@id":"https:\/\/zouratiekone.com\/fr\/#primaryimage"},"thumbnailUrl":"http:\/\/zouratiekone.com\/wp-content\/uploads\/2020\/07\/columban-9-003-1000x667.jpg","datePublished":"2020-06-04T21:02:57+00:00","dateModified":"2023-06-07T21:38:01+00:00","breadcrumb":{"@id":"https:\/\/zouratiekone.com\/fr\/#breadcrumb"},"inLanguage":"fr-FR","potentialAction":[{"@type":"ReadAction","target":["https:\/\/zouratiekone.com\/fr\/"]}]},{"@type":"ImageObject","inLanguage":"fr-FR","@id":"https:\/\/zouratiekone.com\/fr\/#primaryimage","url":"http:\/\/zouratiekone.com\/wp-content\/uploads\/2020\/07\/columban-9-003-1000x667.jpg","contentUrl":"http:\/\/zouratiekone.com\/wp-content\/uploads\/2020\/07\/columban-9-003-1000x667.jpg"},{"@type":"BreadcrumbList","@id":"https:\/\/zouratiekone.com\/fr\/#breadcrumb","itemListElement":[{"@type":"ListItem","position":1,"name":"Home","item":"https:\/\/zouratiekone.com\/fr\/"},{"@type":"ListItem","position":2,"name":"Accueil"}]},{"@type":"WebSite","@id":"https:\/\/zouratiekone.com\/#website","url":"https:\/\/zouratiekone.com\/","name":"Zourati\u00e9 Kon\u00e9","description":"Afro Jazz Mandingue","publisher":{"@id":"https:\/\/zouratiekone.com\/#\/schema\/person\/9aeda503b418929bcf7366a3df35bca6"},"potentialAction":[{"@type":"SearchAction","target":{"@type":"EntryPoint","urlTemplate":"https:\/\/zouratiekone.com\/?s={search_term_string}"},"query-input":{"@type":"PropertyValueSpecification","valueRequired":true,"valueName":"search_term_string"}}],"inLanguage":"fr-FR"},{"@type":["Person","Organization"],"@id":"https:\/\/zouratiekone.com\/#\/schema\/person\/9aeda503b418929bcf7366a3df35bca6","name":"Zourati\u00e9 Kon\u00e9","image":{"@type":"ImageObject","inLanguage":"fr-FR","@id":"https:\/\/zouratiekone.com\/wp-content\/uploads\/2020\/07\/Logo-ZKE-003.png","url":"https:\/\/zouratiekone.com\/wp-content\/uploads\/2020\/07\/Logo-ZKE-003.png","contentUrl":"https:\/\/zouratiekone.com\/wp-content\/uploads\/2020\/07\/Logo-ZKE-003.png","width":1000,"height":152,"caption":"Zourati\u00e9 Kon\u00e9"},"logo":{"@id":"https:\/\/zouratiekone.com\/wp-content\/uploads\/2020\/07\/Logo-ZKE-003.png"}}]}},"jetpack_sharing_enabled":true,"_links":{"self":[{"href":"https:\/\/zouratiekone.com\/fr\/wp-json\/wp\/v2\/pages\/45","targetHints":{"allow":["GET"]}}],"collection":[{"href":"https:\/\/zouratiekone.com\/fr\/wp-json\/wp\/v2\/pages"}],"about":[{"href":"https:\/\/zouratiekone.com\/fr\/wp-json\/wp\/v2\/types\/page"}],"author":[{"embeddable":true,"href":"https:\/\/zouratiekone.com\/fr\/wp-json\/wp\/v2\/users\/1"}],"replies":[{"embeddable":true,"href":"https:\/\/zouratiekone.com\/fr\/wp-json\/wp\/v2\/comments?post=45"}],"version-history":[{"count":10,"href":"https:\/\/zouratiekone.com\/fr\/wp-json\/wp\/v2\/pages\/45\/revisions"}],"predecessor-version":[{"id":1388,"href":"https:\/\/zouratiekone.com\/fr\/wp-json\/wp\/v2\/pages\/45\/revisions\/1388"}],"wp:attachment":[{"href":"https:\/\/zouratiekone.com\/fr\/wp-json\/wp\/v2\/media?parent=45"}],"curies":[{"name":"wp","href":"https:\/\/api.w.org\/{rel}","templated":true}]}}